{"id":7428,"date":"2021-12-01T12:55:21","date_gmt":"2021-12-01T09:55:21","guid":{"rendered":"https:\/\/yavuzozsular.com\/operasyon-sureci\/"},"modified":"2023-02-15T18:17:23","modified_gmt":"2023-02-15T15:17:23","slug":"proces-operacije","status":"publish","type":"page","link":"https:\/\/yavuzozsular.com\/sr\/proces-operacije\/","title":{"rendered":"Proces Operacije"},"content":{"rendered":"\t\t<div data-elementor-type=\"wp-page\" data-elementor-id=\"7428\" class=\"elementor elementor-7428 elementor-2343\">\n\t\t\t\t\t\t<section class=\"elementor-section elementor-top-section elementor-element elementor-element-5031b5a6 elementor-section-height-min-height elementor-section-boxed elementor-section-height-default elementor-section-items-middle\" data-id=\"5031b5a6\" data-element_type=\"section\" data-settings=\"{&quot;background_background&quot;:&quot;classic&quot;,&quot;shape_divider_bottom&quot;:&quot;pyramids&quot;}\">\n\t\t\t\t\t<div class=\"elementor-shape elementor-shape-bottom\" data-negative=\"false\">\n\t\t\t<svg xmlns=\"http:\/\/www.w3.org\/2000\/svg\" viewBox=\"0 0 1000 100\" preserveAspectRatio=\"none\">\n\t<path class=\"elementor-shape-fill\" d=\"M761.9,44.1L643.1,27.2L333.8,98L0,3.8V0l1000,0v3.9\"\/>\n<\/svg>\t\t<\/div>\n\t\t\t\t\t<div class=\"elementor-container elementor-column-gap-default\">\n\t\t\t\t\t<div class=\"elementor-column elementor-col-100 elementor-top-column elementor-element elementor-element-41cc060\" data-id=\"41cc060\" data-element_type=\"column\">\n\t\t\t<div class=\"elementor-widget-wrap elementor-element-populated\">\n\t\t\t\t\t\t<div class=\"elementor-element elementor-element-40052540 elementor-widget elementor-widget-heading\" data-id=\"40052540\" data-element_type=\"widget\" data-widget_type=\"heading.default\">\n\t\t\t\t<div class=\"elementor-widget-container\">\n\t\t\t<style>\/*! elementor - v3.21.0 - 22-05-2024 *\/\n.elementor-heading-title{padding:0;margin:0;line-height:1}.elementor-widget-heading .elementor-heading-title[class*=elementor-size-]>a{color:inherit;font-size:inherit;line-height:inherit}.elementor-widget-heading .elementor-heading-title.elementor-size-small{font-size:15px}.elementor-widget-heading .elementor-heading-title.elementor-size-medium{font-size:19px}.elementor-widget-heading .elementor-heading-title.elementor-size-large{font-size:29px}.elementor-widget-heading .elementor-heading-title.elementor-size-xl{font-size:39px}.elementor-widget-heading .elementor-heading-title.elementor-size-xxl{font-size:59px}<\/style><h1 class=\"elementor-heading-title elementor-size-default\">Proces Operacije<\/h1>\t\t<\/div>\n\t\t\t\t<\/div>\n\t\t\t\t\t<\/div>\n\t\t<\/div>\n\t\t\t\t\t<\/div>\n\t\t<\/section>\n\t\t\t\t<section class=\"elementor-section elementor-top-section elementor-element elementor-element-45b79360 elementor-section-boxed elementor-section-height-default elementor-section-height-default\" data-id=\"45b79360\" data-element_type=\"section\">\n\t\t\t\t\t\t<div class=\"elementor-container elementor-column-gap-default\">\n\t\t\t\t\t<div class=\"elementor-column elementor-col-100 elementor-top-column elementor-element elementor-element-9e55152\" data-id=\"9e55152\" data-element_type=\"column\">\n\t\t\t<div class=\"elementor-widget-wrap elementor-element-populated\">\n\t\t\t\t\t\t<div class=\"elementor-element elementor-element-7d9ec15c elementor-widget elementor-widget-text-editor\" data-id=\"7d9ec15c\" data-element_type=\"widget\" data-widget_type=\"text-editor.default\">\n\t\t\t\t<div class=\"elementor-widget-container\">\n\t\t\t<style>\/*! elementor - v3.21.0 - 22-05-2024 *\/\n.elementor-widget-text-editor.elementor-drop-cap-view-stacked .elementor-drop-cap{background-color:#69727d;color:#fff}.elementor-widget-text-editor.elementor-drop-cap-view-framed .elementor-drop-cap{color:#69727d;border:3px solid;background-color:transparent}.elementor-widget-text-editor:not(.elementor-drop-cap-view-default) .elementor-drop-cap{margin-top:8px}.elementor-widget-text-editor:not(.elementor-drop-cap-view-default) .elementor-drop-cap-letter{width:1em;height:1em}.elementor-widget-text-editor .elementor-drop-cap{float:left;text-align:center;line-height:1;font-size:50px}.elementor-widget-text-editor .elementor-drop-cap-letter{display:inline-block}<\/style>\t\t\t\t<h2>Kako kontaktirati DR YAVUZA \u00d6ZSULARA?<\/h2><p>Mo\u017eete zakazati termin i dobiti informacije pozivom na <a href=\"tel:+90 542 531 40 55\">+90 542 531 40 55<\/a>.<\/p><p>Mo\u017eete zakazati termin dolaskom u na\u0161oj klinici koja se nalazi u okrugu Harbiye, Bostan ulica br: 3 sprat: 3 Ni\u015fanta\u015fi.<\/p><p><strong>INSTAGRAM<\/strong><\/p><p>Na Instagramu, dr Yavuz \u00d6zsular ima fotografije, video zapise i uspomene iz svog \u017eivota, zanimanja, pacijenata i iskustava.<\/p><p>Klikom na kontakt odeljak na Instagramu, mo\u017eete se obratiti asistentu doktora preko WhatsAppa ili pozivom.<\/p><p><strong>WEBSITE<\/strong><\/p><p>Sve razmene informacija o operacijama na sajtu napisao je sam doktor sa svojim hirur\u0161kim i dugogodi\u0161njim iskustvom: ono \u0161to treba obratiti pa\u017enju pre i nakon operacije, va\u0161 odmor, vreme koje je potrebno da se odvojite za operaciju, komplikacije koje se mogu javiti, uslovi, bol i promene koje operacija mo\u017ee izazvati u vama se pa\u017eljivo raspravljaju.<\/p><p>Mo\u017eete kontaktirati asistenta va\u0161eg doktora putem WhatsAppa ili pozivom klikom na kontakt odeljak na web stranici.<\/p><p>Procenjuju se informacije o ceni oprracije,<\/p><p>Procesu rada,<\/p><p>Izradu termina (za pacijente koji \u017eive u inostranstvu ili imaju priliku da do\u0111u, odgovaraju\u0107i datum se odre\u0111uje da se sastanete sa svojim doktorom i konsultujete).<\/p><p>Organizovanje online konsultacije ( za pacijente izvan grada i izvan zemlje)<\/p><h3>Sastanak sa Dr. YAVUZ \u00d6ZSULAR<\/h3><p>Na\u0161i pacijenti su pregledani odre\u0111enog dana i u odredjeno vreme.\u00a0 Tokom ovog pregleda, va\u0161a o\u010dekivanja i \u017ealbe, va\u0161e prethodne istorije operacije, ako ih ima, va\u0161 komorbiditet, lekovi koje \u010desto koristite, va\u0161e godine, va\u0161e zdravstveno stanje, kao i va\u0161e fizi\u010dke karakteristike su va\u017eni kriterijumi za plan operacije.<\/p><p>Va\u0161e fotografije su uzete za medicinske svrhe i planiranje.<\/p><p>Pomo\u0107u photoshop programa na uzetim fotografijima, mo\u017eete imati ideju o svom pribli\u017ean rezultatu koji vas \u010deka nakon operacije sa fotografijama i simulacijama.<\/p><p>Nakon pregleda, bi\u0107ete obave\u0161teni o tro\u0161kovima lije\u010denja.<\/p><p>Nakon \u0161to se odlu\u010dili za\u00a0 bolnicu u kojoj \u0107ete se boraviti i datum operacije, a pre operacije, va\u0161 doktor tra\u017ei rutinska ispitivanja i analize.\u00a0 Nakon ovih analize, datum operacije je zaklju\u010den.\u00a0 (Ako postoji problem u analizama, operacija se mo\u017ee odlo\u017eiti i planirati nakon \u0161to va\u0161i rezultati budu u redu. U suprotnom, operacija ne\u0107e biti izvr\u0161ena.)<\/p><p>Za na\u0161e pacijente koji \u017eive u inostranstvu ili izvan grada, me\u0111usobna komunikacija je uspostavljena putem video poziva (u pratnji prevodioca na jezicima na\u0161ih stranih pacijenata)\u00a0 u vremenskoj zoni koja odgovara svima.\u00a0 Dakle, pacijent je objasnio njegova o\u010dekivanja i pritu\u017ebe na operaciju, dok je jo\u0161 bio u svojoj zemlji, a dobio je\u00a0 informacije o procesu le\u010denja i prose\u010dne tro\u0161kove operacije.<\/p><p>Nakon \u0161to se pacijent odlu\u010duje na operaciju, ponovo komunicira i datum operacije je planiran.\u00a0 Nakon toga, odre\u0111eni iznos za operaciju\u00a0 se \u0161alje unapred za rezervaciju bolnice.<\/p><p>Sada mo\u017eete kupiti avionske karte i planirati svoj boravak.<\/p><p>Ako imate rutinska ispitivanja va\u0161 lekar \u0107e tra\u017eiti da ih uradite u va\u0161oj zemlji ili gradu i poslati ih putem WhatsApp ili e-maila, to \u0107e spre\u010diti bilo kakva iznena\u0111enja koja mogu nastati ako su testovi negativni.<\/p><h3>Transfer Za Pacijente U Inostranstvu<\/h3><p>Morate podeliti informacije o sme\u0161taju i letu s nama.\u00a0 Kada avion sleti, osoblje na\u0161e ustanove \u0107e vas \u010dekati na aerodromu.\u00a0 Va\u0161 transfer je izvr\u0161en sa pouzdanom kompanije koje imaju autorizaciju Ministarstva zdravlja .\u00a0 (Ako postoji promena u letu, obave\u0161tavamo Vas u najkra\u0107em mogu\u0107em roku (to \u0107e spre\u010diti probleme.)<\/p><p>Odavde, bi\u0107ete preba\u010deni u va\u0161 hotel ili u bolnicu.<\/p><p>Na kraju svih va\u0161ih procesa le\u010denja, transfer \u0107e vas vratiti na aerodrom.<\/p><h3>Proces operacije<\/h3><p>Za na\u0161e pacijente koji dolaze izvan grada ili dr\u017eave i za one koji \u017eive u Istanbulu;<\/p><p>U zavisnosti od vrste operacije i anestezije koju cete primiti trebate do\u0107i u bolnicu u vreme koje je va\u0161 doktor predvideo za vas (Mo\u017ee biti uklju\u010den po \u017eelji transfer do bolnice za pacijente iz inostranstva ili izvan grada.) Osim toga, bi\u0107ete pod anestezijom pre same operacije.<\/p><p>Mo\u017eete se opustiti u svojoj sobi koja je rezervisana\u00a0 unapred za vas.\u00a0 Medicinske sestre \u0107e napraviti kona\u010dnu kontrolu pre odlaska u operacionu salu.\u00a0 Va\u0161 doktor i njegov asistent (u pratnji prevodioca na jezik komunikacije za strane pacijente) \u0107e do\u0107i\u00a0 u preoperativnu posetu.\u00a0 Planirani tretman se primjenjuje, daje se anestezija i operacija po\u010dinje.<\/p><p>Nakon \u0161to je operacija uspe\u0161no zavr\u0161ena, i vi se budite lagano iz anestezije.<\/p><p>Va\u0161 ugodno budjenje iz operacije je va\u017eno za nas.\u00a0 To je razlog za\u0161to se budite sa lokalnom anestezijom i utrnulo\u0161\u0107u bez ose\u0107aja boli.<\/p><p>Pvih nekoliko sati zbog anestezije imate vrtoglavicu kada se kre\u0107ete.\u00a0 Po\u010dinjete jesti nakon par sati sa laganom supom.<\/p><p>Va\u0161 doktor i njegov asistent (u pratnji prevodioca na jezik komunikacije za strane pacijente), \u0107e vas posetiti u sobi nakon operacije.\u00a0 Oni daju informacije o tome kako je operacija pro\u0161la.\u00a0 Koliko dugo treba da ostanete u bolnici morate obratiti pa\u017enju. Slede\u0107i dan\u00a0 dobi\u0107ete napismeno obja\u0161njenja kako postupati nakon operacije.<\/p><p>U tom procesu, ukoliko imate pitanja ili ne\u0161to nije u redu mo\u017eete pitati svog doktora preko njegovog asistenta.<\/p><p>Mo\u017eete oti\u0107i u va\u0161 hotel ili ku\u0107i, nakon \u0161to ste otpu\u0161teni iz bolnice. U ovom procesu treba uzeti u obzir preporuke svog doktora, trebalo bi da koristite lekove koje vam on prepi\u0161e.<\/p><p>Prva kontrola varira u zavisnosti od operacije. Promene koje se de\u0161avaju mo\u017eete videti ve\u0107 prvog dana nakon operacije.\u00a0 Zavoji se menjaju i stavljaju novi ponovo.<\/p><p>Ve\u0107ina na\u0161ih pacijenata u zavisnosti od vrste operacije mo\u017ee putovati nakon prve kontrole van grada ili zemlje. Strani pacijenti se mogu vratiti u svoju zemlju, ako je sve u redu.\u00a0 Na\u0161i pacijenti koji se vra\u0107aju u svoju zemlju mogu se obratititi\u00a0 doktorovom asistentu za sva pitanja koja imaju nakon operacije. Mogu slati fotografije i video zapise kako bi doktor pratio njihov napredak.<\/p><p>Neki od na\u0161ih pacijenata iz inostranstva koriste odmor i ostaju du\u017ee u Istanbulu nakon operacije.<\/p><p>Na\u0161i pacijenti koji \u017eive u Istanbulu mogu do\u0107i na kliniku na preglede i\u00a0 kontrole u odredjenjim terminima koji su unapred zakazani.<\/p>\t\t\t\t\t\t<\/div>\n\t\t\t\t<\/div>\n\t\t\t\t\t<\/div>\n\t\t<\/div>\n\t\t\t\t\t<\/div>\n\t\t<\/section>\n\t\t\t\t<\/div>\n\t\t","protected":false},"excerpt":{"rendered":"<p>Proces Operacije Kako kontaktirati DR YAVUZA \u00d6ZSULARA? Mo\u017eete zakazati termin i dobiti informacije pozivom na +90 542 531 40 55. Mo\u017eete zakazati termin dolaskom u na\u0161oj klinici koja se nalazi u okrugu Harbiye, Bostan ulica br: 3 sprat: 3 Ni\u015fanta\u015fi. INSTAGRAM Na Instagramu, dr Yavuz \u00d6zsular ima fotografije, video zapise i uspomene iz svog \u017eivota, [&hellip;]<\/p>\n","protected":false},"author":1,"featured_media":0,"parent":0,"menu_order":0,"comment_status":"closed","ping_status":"closed","template":"","meta":{"site-sidebar-layout":"no-sidebar","site-content-layout":"page-builder","ast-site-content-layout":"","site-content-style":"default","site-sidebar-style":"default","ast-global-header-display":"","ast-banner-title-visibility":"","ast-main-header-display":"","ast-hfb-above-header-display":"","ast-hfb-below-header-display":"","ast-hfb-mobile-header-display":"","site-post-title":"disabled","ast-breadcrumbs-content":"","ast-featured-img":"disabled","footer-sml-layout":"","theme-transparent-header-meta":"","adv-header-id-meta":"","stick-header-meta":"","header-above-stick-meta":"","header-main-stick-meta":"","header-below-stick-meta":"","astra-migrate-meta-layouts":"default","ast-page-background-enabled":"default","ast-page-background-meta":{"desktop":{"background-color":"var(--ast-global-color-4)","background-image":"","background-repeat":"repeat","background-position":"center center","background-size":"auto","background-attachment":"scroll","background-type":"","background-media":"","overlay-type":"","overlay-color":"","overlay-opacity":"","overlay-gradient":""},"tablet":{"background-color":"","background-image":"","background-repeat":"repeat","background-position":"center center","background-size":"auto","background-attachment":"scroll","background-type":"","background-media":"","overlay-type":"","overlay-color":"","overlay-opacity":"","overlay-gradient":""},"mobile":{"background-color":"","background-image":"","background-repeat":"repeat","background-position":"center center","background-size":"auto","background-attachment":"scroll","background-type":"","background-media":"","overlay-type":"","overlay-color":"","overlay-opacity":"","overlay-gradient":""}},"ast-content-background-meta":{"desktop":{"background-color":"var(--ast-global-color-5)","background-image":"","background-repeat":"repeat","background-position":"center center","background-size":"auto","background-attachment":"scroll","background-type":"","background-media":"","overlay-type":"","overlay-color":"","overlay-opacity":"","overlay-gradient":""},"tablet":{"background-color":"var(--ast-global-color-5)","background-image":"","background-repeat":"repeat","background-position":"center center","background-size":"auto","background-attachment":"scroll","background-type":"","background-media":"","overlay-type":"","overlay-color":"","overlay-opacity":"","overlay-gradient":""},"mobile":{"background-color":"var(--ast-global-color-5)","background-image":"","background-repeat":"repeat","background-position":"center center","background-size":"auto","background-attachment":"scroll","background-type":"","background-media":"","overlay-type":"","overlay-color":"","overlay-opacity":"","overlay-gradient":""}},"footnotes":""},"categories":[],"tags":[],"_links":{"self":[{"href":"https:\/\/yavuzozsular.com\/sr\/wp-json\/wp\/v2\/pages\/7428"}],"collection":[{"href":"https:\/\/yavuzozsular.com\/sr\/wp-json\/wp\/v2\/pages"}],"about":[{"href":"https:\/\/yavuzozsular.com\/sr\/wp-json\/wp\/v2\/types\/page"}],"author":[{"embeddable":true,"href":"https:\/\/yavuzozsular.com\/sr\/wp-json\/wp\/v2\/users\/1"}],"replies":[{"embeddable":true,"href":"https:\/\/yavuzozsular.com\/sr\/wp-json\/wp\/v2\/comments?post=7428"}],"version-history":[{"count":10,"href":"https:\/\/yavuzozsular.com\/sr\/wp-json\/wp\/v2\/pages\/7428\/revisions"}],"predecessor-version":[{"id":9582,"href":"https:\/\/yavuzozsular.com\/sr\/wp-json\/wp\/v2\/pages\/7428\/revisions\/9582"}],"wp:attachment":[{"href":"https:\/\/yavuzozsular.com\/sr\/wp-json\/wp\/v2\/media?parent=7428"}],"wp:term":[{"taxonomy":"category","embeddable":true,"href":"https:\/\/yavuzozsular.com\/sr\/wp-json\/wp\/v2\/categories?post=7428"},{"taxonomy":"post_tag","embeddable":true,"href":"https:\/\/yavuzozsular.com\/sr\/wp-json\/wp\/v2\/tags?post=7428"}],"curies":[{"name":"wp","href":"https:\/\/api.w.org\/{rel}","templated":true}]}}