{"id":7422,"date":"2021-11-06T16:01:35","date_gmt":"2021-11-06T13:01:35","guid":{"rendered":"https:\/\/yavuzozsular.com\/cerez-politikamiz\/"},"modified":"2022-07-14T21:12:28","modified_gmt":"2022-07-14T18:12:28","slug":"nasa-politika-kolacica","status":"publish","type":"page","link":"https:\/\/yavuzozsular.com\/sr\/nasa-politika-kolacica\/","title":{"rendered":"Na\u0161a Politika Kola\u010di\u0107a"},"content":{"rendered":"\t\t<div data-elementor-type=\"wp-page\" data-elementor-id=\"7422\" class=\"elementor elementor-7422 elementor-1176\">\n\t\t\t\t\t\t<section class=\"elementor-section elementor-top-section elementor-element elementor-element-6af7b81d elementor-section-height-min-height elementor-section-boxed elementor-section-height-default elementor-section-items-middle\" data-id=\"6af7b81d\" data-element_type=\"section\" data-settings=\"{&quot;background_background&quot;:&quot;classic&quot;,&quot;shape_divider_bottom&quot;:&quot;pyramids&quot;}\">\n\t\t\t\t\t<div class=\"elementor-shape elementor-shape-bottom\" data-negative=\"false\">\n\t\t\t<svg xmlns=\"http:\/\/www.w3.org\/2000\/svg\" viewBox=\"0 0 1000 100\" preserveAspectRatio=\"none\">\n\t<path class=\"elementor-shape-fill\" d=\"M761.9,44.1L643.1,27.2L333.8,98L0,3.8V0l1000,0v3.9\"\/>\n<\/svg>\t\t<\/div>\n\t\t\t\t\t<div class=\"elementor-container elementor-column-gap-default\">\n\t\t\t\t\t<div class=\"elementor-column elementor-col-100 elementor-top-column elementor-element elementor-element-190c1ab4\" data-id=\"190c1ab4\" data-element_type=\"column\">\n\t\t\t<div class=\"elementor-widget-wrap elementor-element-populated\">\n\t\t\t\t\t\t<div class=\"elementor-element elementor-element-eeae72d elementor-widget elementor-widget-heading\" data-id=\"eeae72d\" data-element_type=\"widget\" data-widget_type=\"heading.default\">\n\t\t\t\t<div class=\"elementor-widget-container\">\n\t\t\t<style>\/*! elementor - v3.21.0 - 22-05-2024 *\/\n.elementor-heading-title{padding:0;margin:0;line-height:1}.elementor-widget-heading .elementor-heading-title[class*=elementor-size-]>a{color:inherit;font-size:inherit;line-height:inherit}.elementor-widget-heading .elementor-heading-title.elementor-size-small{font-size:15px}.elementor-widget-heading .elementor-heading-title.elementor-size-medium{font-size:19px}.elementor-widget-heading .elementor-heading-title.elementor-size-large{font-size:29px}.elementor-widget-heading .elementor-heading-title.elementor-size-xl{font-size:39px}.elementor-widget-heading .elementor-heading-title.elementor-size-xxl{font-size:59px}<\/style><h1 class=\"elementor-heading-title elementor-size-default\">Smjernice za kori\u0161tenje kola\u010di\u0107a<\/h1>\t\t<\/div>\n\t\t\t\t<\/div>\n\t\t\t\t\t<\/div>\n\t\t<\/div>\n\t\t\t\t\t<\/div>\n\t\t<\/section>\n\t\t\t\t<section class=\"elementor-section elementor-top-section elementor-element elementor-element-59b3bc92 elementor-section-boxed elementor-section-height-default elementor-section-height-default\" data-id=\"59b3bc92\" data-element_type=\"section\">\n\t\t\t\t\t\t<div class=\"elementor-container elementor-column-gap-default\">\n\t\t\t\t\t<div class=\"elementor-column elementor-col-100 elementor-top-column elementor-element elementor-element-6101cf18\" data-id=\"6101cf18\" data-element_type=\"column\">\n\t\t\t<div class=\"elementor-widget-wrap elementor-element-populated\">\n\t\t\t\t\t\t<div class=\"elementor-element elementor-element-711e2dc6 elementor-widget elementor-widget-text-editor\" data-id=\"711e2dc6\" data-element_type=\"widget\" data-widget_type=\"text-editor.default\">\n\t\t\t\t<div class=\"elementor-widget-container\">\n\t\t\t<style>\/*! elementor - v3.21.0 - 22-05-2024 *\/\n.elementor-widget-text-editor.elementor-drop-cap-view-stacked .elementor-drop-cap{background-color:#69727d;color:#fff}.elementor-widget-text-editor.elementor-drop-cap-view-framed .elementor-drop-cap{color:#69727d;border:3px solid;background-color:transparent}.elementor-widget-text-editor:not(.elementor-drop-cap-view-default) .elementor-drop-cap{margin-top:8px}.elementor-widget-text-editor:not(.elementor-drop-cap-view-default) .elementor-drop-cap-letter{width:1em;height:1em}.elementor-widget-text-editor .elementor-drop-cap{float:left;text-align:center;line-height:1;font-size:50px}.elementor-widget-text-editor .elementor-drop-cap-letter{display:inline-block}<\/style>\t\t\t\t<p><strong>Koje osobne informacije se prikupljaju i za\u0161to?<\/strong><\/p><p>Komentari<\/p><p>Kada gosti su ostavljali komentare na sajtu, mi prikupljamo podatke prikazane u obliku komentara, zajedno s IP adresom i preglednika tekstualne informacije posjetitelja kako bi se pomoglo da otkrije spam komentare.<\/p><p>Jedan anonimne tekst (koji se naziva kao hash) kreiranu od e-mail adresa mo\u017ee biti pru\u017eena Gravatar servis kako bi se videlo da li ili ne koristite uslugu.\u00a0 Tajnost politika Gravatar servis je na adresu: https:\/\/automattic.com\/privacy\/.\u00a0 Nakon \u0161to Va\u0161 komentar je potvrditi, Va\u0161 komentar \u0107e biti vidljiv svima zajedno s fotografije na profilu.<\/p><p>\u017divotna sredina<\/p><p>Ako upload svoje slike na web stranici, ne bi trebalo izbje\u0107i otpremanje slike koje sadr\u017ee ugra\u0111ene podatke o lokaciji (EXIF GPS).\u00a0 Posetioci sajta mo\u017eete preuzeti i dobiti informacije o lokaciji iz slike na web stranici.<\/p><p>Kontakt Obrasci<\/p><p>Ako ostavite komentar na na\u0161oj web stranici, mo\u017eete odabrati da spasi svoje ime i e-mail adresu na web stranici u kola\u010di\u0107ima.\u00a0 Oni se koriste za pru\u017eanje pogodnosti za vas, tako da ne morate ponovo popuniti svoje podatke kada ostavite jo\u0161 jedan komentar.\u00a0 Ovi kola\u010di\u0107i se \u010duvaju za jednu godinu.<\/p><p>Ako posjetite na\u0161u web stranicu, mi \u0107emo pru\u017eiti privremeni kola\u010di\u0107 kako bi se utvrdilo da li ili ne va\u0161 pretra\u017eiva\u010d prihva\u0107a cookies.\u00a0 Ovaj kola\u010di\u0107 ne sadr\u017ei nikakve li\u010dne podatke i uklanja kada zatvorite pretra\u017eiva\u010d.<\/p><p>Kada se prijavite, mi \u0107emo spasiti nekoliko kola\u010di\u0107e kako bi sa\u010duvali podatke za prijavu i pogledom na ekran za izbor.\u00a0 Prijava kola\u010di\u0107i spremljeni za dva dana, a opcije ekran kola\u010di\u0107e za jednu godinu.\u00a0 Ako ozna\u010dite &#8222;Remember Me&#8220; opciju, prijava \u0107e trajati dvije sedmice.\u00a0 Ako se odjavite sa svog ra\u010duna, prijava kola\u010di\u0107i \u0107e biti izbrisani.<\/p><p>Ako ure\u0111ujete ili objaviti \u010dlanak, dodatni kola\u010di\u0107 evidentira va\u0161em pretra\u017eiva\u010du.\u00a0 Ovaj kola\u010di\u0107 ne sadr\u017ei nikakve li\u010dne podatke i samo pokazuje post ID \u010dlanka ure\u0111ujete.\u00a0 Vreme je zabranjeno nakon 1 dana.<\/p><p>Embedded sadr\u017eaj<\/p><p>\u010clanci na ovoj web stranici mogu sadr\u017eavati ugra\u0111ene sadr\u017eaj (npr video, vizuale, tekstova, itd.)\u00a0 Sadr\u017eaj ugra\u0111en s drugih web djeluje kao isto kao da posjetitelj posjetio web stranice.<\/p><p>Ove web stranice mogu prikupljati podatke o vama, koristite kola\u010di\u0107e, staza od strane tre\u0107e strane u ugra\u0111enom obliku, i pratiti svoje postupke s tim ugra\u0111ene sadr\u017eaja, uklju\u010duju\u0107i pra\u0107enje va\u0161e interakcije sa ugra\u0111enim sadr\u017eajem ako imate ra\u010dun i prijavljeni na ovom sajtu.<\/p><p>Analiza<\/p><p>Ako ste ostavili komentar, komentar i meta podaci \u010duvaju na neodre\u0111eno termin.\u00a0 Prema tome, mo\u017eemo automatski prepoznati i provjerite naknadnim komentarima, umjesto da ih dr\u017ei u redu revizije.<\/p><p>Tako\u0111e \u010duvamo li\u010dne podatke korisnika Registracijom na na\u0161oj web stranici (ako ih ima) koje oni pru\u017eaju u svom korisni\u010dkom profilu.\u00a0 Svi korisnici mogu pregledati, ure\u0111ivati ili izbrisati svoje osobne podatke u bilo koje vrijeme (osim za promjenu imena korisnika).\u00a0 Web stranice administratori tako\u0111er mo\u017eete pogledati i ure\u0111ivanje takvih podataka.<\/p><p>Ako imate ra\u010dun ili komentara na ovom sajtu, mo\u017eete zatra\u017eiti da dobije izvezenu datoteku va\u0161ih osobnih podataka, uklju\u010duju\u0107i i podatke koje ste dali nama.\u00a0 Osim toga, mo\u017eete zatra\u017eiti da se svi va\u0161i li\u010dni podaci izbrisani.\u00a0 Ovo ne uklju\u010duje bilo kakve podatke koje imamo u skladu sa za administrativne, pravne ili sigurnost svrhe.<\/p><p>Komentarima posjetitelja se mo\u017ee upravljati putem spama usluga komentar otkrivanje<\/p>\t\t\t\t\t\t<\/div>\n\t\t\t\t<\/div>\n\t\t\t\t\t<\/div>\n\t\t<\/div>\n\t\t\t\t\t<\/div>\n\t\t<\/section>\n\t\t\t\t<\/div>\n\t\t","protected":false},"excerpt":{"rendered":"<p>Smjernice za kori\u0161tenje kola\u010di\u0107a Koje osobne informacije se prikupljaju i za\u0161to? Komentari Kada gosti su ostavljali komentare na sajtu, mi prikupljamo podatke prikazane u obliku komentara, zajedno s IP adresom i preglednika tekstualne informacije posjetitelja kako bi se pomoglo da otkrije spam komentare. Jedan anonimne tekst (koji se naziva kao hash) kreiranu od e-mail adresa [&hellip;]<\/p>\n","protected":false},"author":1,"featured_media":0,"parent":0,"menu_order":0,"comment_status":"closed","ping_status":"closed","template":"","meta":{"site-sidebar-layout":"no-sidebar","site-content-layout":"page-builder","ast-site-content-layout":"","site-content-style":"default","site-sidebar-style":"default","ast-global-header-display":"","ast-banner-title-visibility":"","ast-main-header-display":"","ast-hfb-above-header-display":"","ast-hfb-below-header-display":"","ast-hfb-mobile-header-display":"","site-post-title":"disabled","ast-breadcrumbs-content":"","ast-featured-img":"disabled","footer-sml-layout":"","theme-transparent-header-meta":"","adv-header-id-meta":"","stick-header-meta":"","header-above-stick-meta":"","header-main-stick-meta":"","header-below-stick-meta":"","astra-migrate-meta-layouts":"default","ast-page-background-enabled":"default","ast-page-background-meta":{"desktop":{"background-color":"var(--ast-global-color-4)","background-image":"","background-repeat":"repeat","background-position":"center center","background-size":"auto","background-attachment":"scroll","background-type":"","background-media":"","overlay-type":"","overlay-color":"","overlay-opacity":"","overlay-gradient":""},"tablet":{"background-color":"","background-image":"","background-repeat":"repeat","background-position":"center center","background-size":"auto","background-attachment":"scroll","background-type":"","background-media":"","overlay-type":"","overlay-color":"","overlay-opacity":"","overlay-gradient":""},"mobile":{"background-color":"","background-image":"","background-repeat":"repeat","background-position":"center center","background-size":"auto","background-attachment":"scroll","background-type":"","background-media":"","overlay-type":"","overlay-color":"","overlay-opacity":"","overlay-gradient":""}},"ast-content-background-meta":{"desktop":{"background-color":"var(--ast-global-color-5)","background-image":"","background-repeat":"repeat","background-position":"center center","background-size":"auto","background-attachment":"scroll","background-type":"","background-media":"","overlay-type":"","overlay-color":"","overlay-opacity":"","overlay-gradient":""},"tablet":{"background-color":"var(--ast-global-color-5)","background-image":"","background-repeat":"repeat","background-position":"center center","background-size":"auto","background-attachment":"scroll","background-type":"","background-media":"","overlay-type":"","overlay-color":"","overlay-opacity":"","overlay-gradient":""},"mobile":{"background-color":"var(--ast-global-color-5)","background-image":"","background-repeat":"repeat","background-position":"center center","background-size":"auto","background-attachment":"scroll","background-type":"","background-media":"","overlay-type":"","overlay-color":"","overlay-opacity":"","overlay-gradient":""}},"footnotes":""},"categories":[],"tags":[],"_links":{"self":[{"href":"https:\/\/yavuzozsular.com\/sr\/wp-json\/wp\/v2\/pages\/7422"}],"collection":[{"href":"https:\/\/yavuzozsular.com\/sr\/wp-json\/wp\/v2\/pages"}],"about":[{"href":"https:\/\/yavuzozsular.com\/sr\/wp-json\/wp\/v2\/types\/page"}],"author":[{"embeddable":true,"href":"https:\/\/yavuzozsular.com\/sr\/wp-json\/wp\/v2\/users\/1"}],"replies":[{"embeddable":true,"href":"https:\/\/yavuzozsular.com\/sr\/wp-json\/wp\/v2\/comments?post=7422"}],"version-history":[{"count":5,"href":"https:\/\/yavuzozsular.com\/sr\/wp-json\/wp\/v2\/pages\/7422\/revisions"}],"predecessor-version":[{"id":7540,"href":"https:\/\/yavuzozsular.com\/sr\/wp-json\/wp\/v2\/pages\/7422\/revisions\/7540"}],"wp:attachment":[{"href":"https:\/\/yavuzozsular.com\/sr\/wp-json\/wp\/v2\/media?parent=7422"}],"wp:term":[{"taxonomy":"category","embeddable":true,"href":"https:\/\/yavuzozsular.com\/sr\/wp-json\/wp\/v2\/categories?post=7422"},{"taxonomy":"post_tag","embeddable":true,"href":"https:\/\/yavuzozsular.com\/sr\/wp-json\/wp\/v2\/tags?post=7422"}],"curies":[{"name":"wp","href":"https:\/\/api.w.org\/{rel}","templated":true}]}}