{"id":9116,"date":"2021-12-01T12:55:21","date_gmt":"2021-12-01T09:55:21","guid":{"rendered":"https:\/\/yavuzozsular.com\/operasyon-sureci\/"},"modified":"2026-01-07T15:02:24","modified_gmt":"2026-01-07T12:02:24","slug":"operasyon-sureci","status":"publish","type":"page","link":"https:\/\/yavuzozsular.com\/es\/operasyon-sureci\/","title":{"rendered":"Operasyon S\u00fcreci"},"content":{"rendered":"\t\t<div data-elementor-type=\"wp-page\" data-elementor-id=\"9116\" class=\"elementor elementor-9116 elementor-2343\">\n\t\t\t\t\t\t<section class=\"elementor-section elementor-top-section elementor-element elementor-element-5031b5a6 elementor-section-height-min-height elementor-section-boxed elementor-section-height-default elementor-section-items-middle\" data-id=\"5031b5a6\" data-element_type=\"section\" data-settings=\"{&quot;background_background&quot;:&quot;classic&quot;,&quot;shape_divider_bottom&quot;:&quot;pyramids&quot;}\">\n\t\t\t\t\t<div class=\"elementor-shape elementor-shape-bottom\" data-negative=\"false\">\n\t\t\t<svg xmlns=\"http:\/\/www.w3.org\/2000\/svg\" viewBox=\"0 0 1000 100\" preserveAspectRatio=\"none\">\n\t<path class=\"elementor-shape-fill\" d=\"M761.9,44.1L643.1,27.2L333.8,98L0,3.8V0l1000,0v3.9\"\/>\n<\/svg>\t\t<\/div>\n\t\t\t\t\t<div class=\"elementor-container elementor-column-gap-default\">\n\t\t\t\t\t<div class=\"elementor-column elementor-col-100 elementor-top-column elementor-element elementor-element-41cc060\" data-id=\"41cc060\" data-element_type=\"column\">\n\t\t\t<div class=\"elementor-widget-wrap elementor-element-populated\">\n\t\t\t\t\t\t<div class=\"elementor-element elementor-element-40052540 elementor-widget elementor-widget-heading\" data-id=\"40052540\" data-element_type=\"widget\" data-widget_type=\"heading.default\">\n\t\t\t\t<div class=\"elementor-widget-container\">\n\t\t\t<style>\/*! elementor - v3.21.0 - 22-05-2024 *\/\n.elementor-heading-title{padding:0;margin:0;line-height:1}.elementor-widget-heading .elementor-heading-title[class*=elementor-size-]>a{color:inherit;font-size:inherit;line-height:inherit}.elementor-widget-heading .elementor-heading-title.elementor-size-small{font-size:15px}.elementor-widget-heading .elementor-heading-title.elementor-size-medium{font-size:19px}.elementor-widget-heading .elementor-heading-title.elementor-size-large{font-size:29px}.elementor-widget-heading .elementor-heading-title.elementor-size-xl{font-size:39px}.elementor-widget-heading .elementor-heading-title.elementor-size-xxl{font-size:59px}<\/style><h1 class=\"elementor-heading-title elementor-size-default\">Operasyon S\u00fcreci<\/h1>\t\t<\/div>\n\t\t\t\t<\/div>\n\t\t\t\t\t<\/div>\n\t\t<\/div>\n\t\t\t\t\t<\/div>\n\t\t<\/section>\n\t\t\t\t<section class=\"elementor-section elementor-top-section elementor-element elementor-element-45b79360 elementor-section-boxed elementor-section-height-default elementor-section-height-default\" data-id=\"45b79360\" data-element_type=\"section\">\n\t\t\t\t\t\t<div class=\"elementor-container elementor-column-gap-default\">\n\t\t\t\t\t<div class=\"elementor-column elementor-col-100 elementor-top-column elementor-element elementor-element-9e55152\" data-id=\"9e55152\" data-element_type=\"column\">\n\t\t\t<div class=\"elementor-widget-wrap elementor-element-populated\">\n\t\t\t\t\t\t<div class=\"elementor-element elementor-element-7d9ec15c elementor-widget elementor-widget-text-editor\" data-id=\"7d9ec15c\" data-element_type=\"widget\" data-widget_type=\"text-editor.default\">\n\t\t\t\t<div class=\"elementor-widget-container\">\n\t\t\t<style>\/*! elementor - v3.21.0 - 22-05-2024 *\/\n.elementor-widget-text-editor.elementor-drop-cap-view-stacked .elementor-drop-cap{background-color:#69727d;color:#fff}.elementor-widget-text-editor.elementor-drop-cap-view-framed .elementor-drop-cap{color:#69727d;border:3px solid;background-color:transparent}.elementor-widget-text-editor:not(.elementor-drop-cap-view-default) .elementor-drop-cap{margin-top:8px}.elementor-widget-text-editor:not(.elementor-drop-cap-view-default) .elementor-drop-cap-letter{width:1em;height:1em}.elementor-widget-text-editor .elementor-drop-cap{float:left;text-align:center;line-height:1;font-size:50px}.elementor-widget-text-editor .elementor-drop-cap-letter{display:inline-block}<\/style>\t\t\t\t<h2>Dr. Yavuz \u00d6zsular\u2019a Nas\u0131l Ula\u015f\u0131r\u0131m?<\/h2><p><a href=\"tel:+905467884055\">0546 788 40 55<\/a> nolu telefonu numaras\u0131ndan ula\u015farak randevu olu\u015fturabilir, bilgi alabilirsiniz.<\/p><p>Harbiye Mah. Bostan Sk. No:10 Kat:3 Ni\u015fanta\u015f\u0131, \u015ei\u015fli, \u0130stanbul&#8217; da bulunan muayenehanemize gelerek randevu alabilirsiniz.<\/p><p><strong>INSTAGRAM<\/strong><\/p><p>Instagram&#8217;da <a href=\"https:\/\/www.instagram.com\/dryavuzozsular\/\" target=\"_blank\" rel=\"noopener\">Dr. Yavuz \u00d6zsular<\/a>\u2019\u0131n hayat\u0131na, mesle\u011fine, hastalar\u0131na, tecr\u00fcbelerine dair foto\u011fraf ve videolar\u0131, an\u0131lar\u0131 bulunmaktad\u0131r.<\/p><p>Instagramda bulunan ileti\u015fim k\u0131sm\u0131n\u0131 t\u0131klayarak whatsapp ile ya da arayarak doktorunuzun asistanlar\u0131 ile ileti\u015fime ge\u00e7ersiniz.<\/p><p><strong>WEB S\u0130TES\u0130<\/strong><\/p><p>Web sitesindeki ameliyatlar ile ilgili i\u00e7erikler bilgi payla\u015f\u0131mlar\u0131n\u0131n tamam\u0131 doktorunuzun kendisi taraf\u0131ndan yaz\u0131lm\u0131\u015ft\u0131r. Cerrahi tecr\u00fcbesi ve y\u0131llarca olu\u015fan birikimi ile: ameliyat \u00f6ncesi ve sonras\u0131 dikkat etmeniz gerekenler, dinlenme s\u00fcreleriniz, i\u015flemlere ay\u0131rman\u0131z gereken vakit, olu\u015fabilecek komplikasyonlar, a\u011fr\u0131 durumlar\u0131, operasyonlar\u0131n sizde olu\u015fturabilece\u011fi de\u011fi\u015fiklikler titizlikle ele al\u0131nm\u0131\u015ft\u0131r.<\/p><p>Web sitesinde bulunan ileti\u015fim k\u0131s\u0131mlar\u0131n\u0131 t\u0131klayarak doktorunuzun asistan\u0131na whatsapp ile ya da arayarak ula\u015fabilirsiniz.<\/p><p>Operasyonun tahmini fiyat bilgisi,<\/p><p>Operasyon s\u00fcreci,<\/p><p>Randevu olu\u015fturma (\u015fehir i\u00e7inde ikamet eden veya gelme imkan\u0131 bulunan hastalara doktorunuz ile g\u00f6r\u00fc\u015fmek ve muayene olmak i\u00e7in m\u00fcsait bir tarih belirlenir.)<\/p><p>Randevu olu\u015fturma (\u015fehir d\u0131\u015f\u0131 ve \u00fclke d\u0131\u015f\u0131ndaki hastalar i\u00e7in online randevu olu\u015fturulur)<\/p><h3>Dr. Yavuz \u00d6zsular ile Randevu<\/h3><p>Hastalar\u0131m\u0131z belirtilen g\u00fcn ve saatte muayene olurlar. Bu muayene s\u0131ras\u0131nda beklenti ve \u015fikayetleriniz, varsa \u00f6nceki ameliyat \u00f6yk\u00fcn\u00fcz, ek hastal\u0131\u011f\u0131n\u0131z, d\u00fczenli kulland\u0131\u011f\u0131n\u0131z ila\u00e7lar, ya\u015f\u0131n\u0131z, sa\u011fl\u0131k durumunuz, fiziksel \u00f6zellikleriniz ameliyat plan\u0131 i\u00e7in \u00f6nemli kriterlerdir.<\/p><p>T\u0131bbi kay\u0131t alt\u0131na al\u0131nmak ve \u00fczerinde planlama yapabilmek i\u00e7in foto\u011fraflar\u0131n\u0131z\u0131 \u00e7ekilir.<\/p><p>\u00c7ekilen foto\u011fraflar \u00fczerinde photoshop programlar\u0131 kullan\u0131larak foto\u011fraf ve sim\u00fclasyonlar ile sizi ameliyattan sonra bekleyen yakla\u015f\u0131k sonucunuz hakk\u0131nda fikir sahibi olman\u0131z sa\u011flan\u0131r.<\/p><p>Muayene sonras\u0131nda tedavinizin maliyeti hakk\u0131nda bilgilendirilirsiniz.<\/p><p>Operasyona karar verildikten sonra ameliyat olaca\u011f\u0131n\u0131z hastane ve ameliyat tarihi kararla\u015ft\u0131r\u0131l\u0131r ve operasyon \u00f6ncesinde doktorunuz rutin belirli tahliller, tektikler ister. Bu tahlillerde yeterli \u00e7\u0131kt\u0131ktan sonra ameliyat tarihi kesinle\u015ftirilir. (Tahlillerde bir s\u0131k\u0131nt\u0131 olmas\u0131 durumunda ilgili bran\u015f\u0131n doktorunda tedavi olup sa\u011fl\u0131\u011f\u0131n\u0131za kavu\u015ftuktan sonra operasyon planlanabilir. Aksi takdirde ameliyat\u0131n\u0131z ger\u00e7ekle\u015ftirilemeyecektir.)<\/p><p>Yurt d\u0131\u015f\u0131nda veya \u015fehir d\u0131\u015f\u0131nda ya\u015fayan hastalar\u0131m\u0131z i\u00e7in ortak uygunluk i\u00e7eren bir saat diliminde (yabanc\u0131 hastalar\u0131m\u0131z dillerinde terc\u00fcman e\u015fli\u011finde) g\u00f6r\u00fcnt\u00fcl\u00fc arayarak ya da foto\u011fraf ve video ile kar\u015f\u0131l\u0131kl\u0131 ileti\u015fim kurulur. B\u00f6ylece hasta daha \u00fclkesindeyken ameliyatla ilgili beklenti ve \u015fikayetlerini anlatm\u0131\u015f, tedavi s\u00fcreci ve operasyonun ortalama maliyeti hakk\u0131nda bilgi sahibi olmu\u015f olur.<\/p><p>Hasta operasyona karar verdikten sonra tekrardan ileti\u015fime ge\u00e7er ve ameliyat tarihi operasyon s\u00fcreci planlan\u0131r. Kesinle\u015fen ameliyat tarihinden sonra ameliyat haz\u0131rl\u0131klar\u0131 ve hastane rezervasyonu i\u00e7in bir miktar \u00f6n \u00f6deme al\u0131n\u0131r.<\/p><p>Art\u0131k u\u00e7ak biletlerinizi alabilir, konaklaman\u0131z\u0131 planlayabilirsiniz.<\/p><p>Doktorunuzun sizden isteyece\u011fi rutin tahlilleri \u00fclkenizde veya \u015fehrinizde yapt\u0131r\u0131p whatsapp ya da eposta yolu ile g\u00f6ndermeniz tahlillerin olumsuz \u00e7\u0131kmas\u0131 durumunda ya\u015fanabilecek s\u00fcprizlerin \u00f6n\u00fcne ge\u00e7ecektir.<\/p><h3>Yurt D\u0131\u015f\u0131 Hastalarda Transfer<\/h3><p>Konaklama ve u\u00e7u\u015f bilgilerini bizimle payla\u015fmal\u0131s\u0131n\u0131z. U\u00e7a\u011f\u0131n\u0131z indi\u011finde sizi hava liman\u0131nda dilinizi bilen kurumumuzun kar\u015f\u0131lama eleman\u0131, ad\u0131n\u0131z\u0131n yaz\u0131l\u0131 oldu\u011fu kar\u015f\u0131lama panosu ile sizi bekliyor olacakt\u0131r. Transfer hizmetiniz Sa\u011fl\u0131k Bakanl\u0131\u011f\u0131 Yetki belgesine sahip g\u00fcvenilir ta\u015f\u0131ma firmalar\u0131 ile yap\u0131lmaktad\u0131r. (u\u00e7u\u015funuzla ilgili bir de\u011fi\u015fiklik olursa en k\u0131sa s\u00fcrede bilgi vermeniz aksakl\u0131klar\u0131n \u00f6n\u00fcne ge\u00e7ecektir.)<\/p><p>Buradan otelinize ya da hastaneye transferiniz ger\u00e7ekle\u015ftirilir.<\/p><p>T\u00fcm tedavi s\u00fcre\u00e7lerinizin sonunda tekrar hava liman\u0131na transferiniz ger\u00e7ekle\u015ftirilir.<\/p><h3>Operasyon S\u00fcreci<\/h3><p>\u015eehir d\u0131\u015f\u0131 ve yurt d\u0131\u015f\u0131ndan gelen hastalar\u0131m\u0131z ve \u0130stanbul\u2019da ikamet eden hastalar\u0131m\u0131z i\u00e7in;<\/p><p>Operasyon \u00f6ncesi alaca\u011f\u0131n\u0131z anestezinin t\u00fcr\u00fc ve operasyonunuza g\u00f6re doktorunuzun \u00f6nceden belirtti\u011fi \u015fekilde ve saatte hastaneye gelmelisiniz. (yurt d\u0131\u015f\u0131ndan ve \u015fehir d\u0131\u015f\u0131ndan gelen hastalar i\u00e7in hastaneye transfer hizmeti istenirse dahil edilebilmektedir.) Ayr\u0131ca operasyon \u00f6ncesi anestezi tektikleri yap\u0131l\u0131r.<\/p><p>\u00d6nceden sizin i\u00e7in ayr\u0131lm\u0131\u015f olan odan\u0131za ge\u00e7erek dinlenirsiniz. Siz dinlenirken hem\u015fireler son kontrollerini yapacakt\u0131r. Doktorunuz ve asistan\u0131 (yabanc\u0131 hastalar i\u00e7in ileti\u015fim dilinde terc\u00fcman e\u015fli\u011finde) ameliyat \u00f6ncesi ziyaret ederler. Ameliyat saatiniz gelince ameliyathaneye al\u0131n\u0131rs\u0131n\u0131z. Planlanan anestezi i\u015flemi uygulan\u0131r ve operasyonunuz ba\u015flar.<\/p><p>Operasyonunuz ba\u015far\u0131l\u0131 bir \u015fekilde tamamland\u0131ktan sonra pansumanlar\u0131n\u0131z yap\u0131l\u0131r, korseleriniz giydirilir ve yava\u015f\u00e7a uyand\u0131r\u0131l\u0131rs\u0131n\u0131z.<\/p><p>Ameliyattan uyan\u0131rken konforlu uyanman\u0131z ve ilk saatlerde ac\u0131 a\u011fr\u0131 hissetmemeniz bizim i\u00e7in \u00f6nemlidir. Bu y\u00fczden siz uyand\u0131r\u0131lmadan lokal\u00a0 anestezi deste\u011fi ile operasyon b\u00f6lgeniz b\u00f6lgesel uyu\u015fturulur ve b\u00f6ylece herhangi bir a\u011fr\u0131 ac\u0131 hissetmeden uyan\u0131rs\u0131n\u0131z.<\/p><p>Odan\u0131za ge\u00e7ti\u011finizde ilk birka\u00e7 saat anestezinin vermi\u015f oldu\u011fu sersemlik hissini atars\u0131n\u0131z. Sonras\u0131nda \u0131l\u0131k bir \u00e7orba i\u00e7erek yemek yemeye ba\u015flars\u0131n\u0131z.<\/p><p>Doktorunuz ve asistan\u0131 (yabanc\u0131 hastalar i\u00e7in ileti\u015fim dilinde terc\u00fcman e\u015fli\u011finde) ameliyat sonras\u0131 sizi odan\u0131zda ziyaret ederler. Operasyonun nas\u0131l ge\u00e7ti\u011fi hakk\u0131nda bilgi verirler. Ne kadar s\u00fcre hastanede kalman\u0131z gerekti\u011fi, dikkat etmeniz gerekenler, bir sonraki pansuman g\u00fcn\u00fcn\u00fcz yaz\u0131l\u0131 (yabanc\u0131 hastan\u0131n ileti\u015fim dilinde) ve s\u00f6zl\u00fc olarak anlat\u0131l\u0131r.<\/p><p>Bu s\u00fcre\u00e7te akl\u0131n\u0131za tak\u0131lan bir soru, ya da ters giden bir durum olmas\u0131 halinde doktorunuzun asistan\u0131n\u0131 arac\u0131l\u0131\u011f\u0131yla doktorunuza dan\u0131\u015fabilirsiniz.<\/p><p>Hastaneden taburcu olduktan sonra otelinize veya evinize ge\u00e7ebilirsiniz. Bu s\u00fcre\u00e7te doktorunuzun \u00f6nerilerini dikkate almal\u0131, belirtilen ila\u00e7lar\u0131 kullanmal\u0131s\u0131n\u0131z.<\/p><p>Pansuman ve ilk kontrol g\u00fcn\u00fc operasyona g\u00f6re de\u011fi\u015fmektedir. \u0130lk kontrol g\u00fcn\u00fcnde sizde ger\u00e7ekle\u015fen de\u011fi\u015fikli\u011fi kendi g\u00f6zlerinizle tan\u0131k olursunuz. Pansumanlar\u0131n\u0131z de\u011fi\u015fir ve yeniden yeni pansuman\u0131n\u0131z yap\u0131l\u0131r.<\/p><p>Operasyon t\u00fcr\u00fcne g\u00f6re de\u011fi\u015fmekle birlikte \u00e7o\u011fu hastam\u0131z ilk kontrolden sonra i\u015fe ba\u015flayabilmekte, \u015fehir d\u0131\u015f\u0131na veya \u00fclke d\u0131\u015f\u0131na seyahat edebilmektedir. Yabanc\u0131 hastalar\u0131m\u0131z her \u015fey yolundaysa \u00fclkelerine d\u00f6nebilirler. \u00dclkelerine d\u00f6nen hastalar\u0131m\u0131z doktorunuzun asistan\u0131 ile ileti\u015fime ge\u00e7ebilir, ak\u0131llar\u0131na tak\u0131lan soru i\u015faretlerini sorabilirler. Belirtilen tarihlerde online olarak ya da foto\u011fraf ve videolarla kontrolleri ger\u00e7ekle\u015ftirilir. Hastalar\u0131m\u0131z dilerlerse tekrar bir tatil daha planlay\u0131p kontrol bahanesiyle hayata k\u00fc\u00e7\u00fck bir mola daha verebilirler.<\/p><p>Yurt d\u0131\u015f\u0131ndan gelen baz\u0131 hastalar\u0131m\u0131z \u0130stanbul\u2019a doyamay\u0131p 2.kontollerine kadar kalmakta tatili biraz daha uzatmaktad\u0131r.<\/p><p>\u0130stanbul\u2019da ya\u015fayan hastalar\u0131m\u0131z belirtilen kontrol aral\u0131klar\u0131nda randevu olu\u015fturularak muayenehaneye gelerek kontrol muayenelerini olabilirler.<\/p>\t\t\t\t\t\t<\/div>\n\t\t\t\t<\/div>\n\t\t\t\t\t<\/div>\n\t\t<\/div>\n\t\t\t\t\t<\/div>\n\t\t<\/section>\n\t\t\t\t<\/div>\n\t\t","protected":false},"excerpt":{"rendered":"<p>Operasyon S\u00fcreci Dr. Yavuz \u00d6zsular\u2019a Nas\u0131l Ula\u015f\u0131r\u0131m? 0546 788 40 55 nolu telefonu numaras\u0131ndan ula\u015farak randevu olu\u015fturabilir, bilgi alabilirsiniz. Harbiye Mah. Bostan Sk. No:10 Kat:3 Ni\u015fanta\u015f\u0131, \u015ei\u015fli, \u0130stanbul&#8217; da bulunan muayenehanemize gelerek randevu alabilirsiniz. INSTAGRAM Instagram&#8217;da Dr. Yavuz \u00d6zsular\u2019\u0131n hayat\u0131na, mesle\u011fine, hastalar\u0131na, tecr\u00fcbelerine dair foto\u011fraf ve videolar\u0131, an\u0131lar\u0131 bulunmaktad\u0131r. Instagramda bulunan ileti\u015fim k\u0131sm\u0131n\u0131 t\u0131klayarak whatsapp [&hellip;]<\/p>\n","protected":false},"author":1,"featured_media":0,"parent":0,"menu_order":0,"comment_status":"closed","ping_status":"closed","template":"","meta":{"site-sidebar-layout":"no-sidebar","site-content-layout":"page-builder","ast-site-content-layout":"","site-content-style":"default","site-sidebar-style":"default","ast-global-header-display":"","ast-banner-title-visibility":"","ast-main-header-display":"","ast-hfb-above-header-display":"","ast-hfb-below-header-display":"","ast-hfb-mobile-header-display":"","site-post-title":"disabled","ast-breadcrumbs-content":"","ast-featured-img":"disabled","footer-sml-layout":"","theme-transparent-header-meta":"","adv-header-id-meta":"","stick-header-meta":"","header-above-stick-meta":"","header-main-stick-meta":"","header-below-stick-meta":"","astra-migrate-meta-layouts":"default","ast-page-background-enabled":"default","ast-page-background-meta":{"desktop":{"background-color":"var(--ast-global-color-4)","background-image":"","background-repeat":"repeat","background-position":"center center","background-size":"auto","background-attachment":"scroll","background-type":"","background-media":"","overlay-type":"","overlay-color":"","overlay-opacity":"","overlay-gradient":""},"tablet":{"background-color":"","background-image":"","background-repeat":"repeat","background-position":"center center","background-size":"auto","background-attachment":"scroll","background-type":"","background-media":"","overlay-type":"","overlay-color":"","overlay-opacity":"","overlay-gradient":""},"mobile":{"background-color":"","background-image":"","background-repeat":"repeat","background-position":"center center","background-size":"auto","background-attachment":"scroll","background-type":"","background-media":"","overlay-type":"","overlay-color":"","overlay-opacity":"","overlay-gradient":""}},"ast-content-background-meta":{"desktop":{"background-color":"var(--ast-global-color-5)","background-image":"","background-repeat":"repeat","background-position":"center center","background-size":"auto","background-attachment":"scroll","background-type":"","background-media":"","overlay-type":"","overlay-color":"","overlay-opacity":"","overlay-gradient":""},"tablet":{"background-color":"var(--ast-global-color-5)","background-image":"","background-repeat":"repeat","background-position":"center center","background-size":"auto","background-attachment":"scroll","background-type":"","background-media":"","overlay-type":"","overlay-color":"","overlay-opacity":"","overlay-gradient":""},"mobile":{"background-color":"var(--ast-global-color-5)","background-image":"","background-repeat":"repeat","background-position":"center center","background-size":"auto","background-attachment":"scroll","background-type":"","background-media":"","overlay-type":"","overlay-color":"","overlay-opacity":"","overlay-gradient":""}},"footnotes":""},"categories":[],"tags":[],"_links":{"self":[{"href":"https:\/\/yavuzozsular.com\/es\/wp-json\/wp\/v2\/pages\/9116"}],"collection":[{"href":"https:\/\/yavuzozsular.com\/es\/wp-json\/wp\/v2\/pages"}],"about":[{"href":"https:\/\/yavuzozsular.com\/es\/wp-json\/wp\/v2\/types\/page"}],"author":[{"embeddable":true,"href":"https:\/\/yavuzozsular.com\/es\/wp-json\/wp\/v2\/users\/1"}],"replies":[{"embeddable":true,"href":"https:\/\/yavuzozsular.com\/es\/wp-json\/wp\/v2\/comments?post=9116"}],"version-history":[{"count":11,"href":"https:\/\/yavuzozsular.com\/es\/wp-json\/wp\/v2\/pages\/9116\/revisions"}],"predecessor-version":[{"id":10416,"href":"https:\/\/yavuzozsular.com\/es\/wp-json\/wp\/v2\/pages\/9116\/revisions\/10416"}],"wp:attachment":[{"href":"https:\/\/yavuzozsular.com\/es\/wp-json\/wp\/v2\/media?parent=9116"}],"wp:term":[{"taxonomy":"category","embeddable":true,"href":"https:\/\/yavuzozsular.com\/es\/wp-json\/wp\/v2\/categories?post=9116"},{"taxonomy":"post_tag","embeddable":true,"href":"https:\/\/yavuzozsular.com\/es\/wp-json\/wp\/v2\/tags?post=9116"}],"curies":[{"name":"wp","href":"https:\/\/api.w.org\/{rel}","templated":true}]}}