{"id":9106,"date":"2021-11-10T16:29:21","date_gmt":"2021-11-10T13:29:21","guid":{"rendered":"https:\/\/yavuzozsular.com\/veri-sahibi-basvuru\/"},"modified":"2022-10-13T16:41:52","modified_gmt":"2022-10-13T13:41:52","slug":"aplicacion-del-propietario-de-los-datos","status":"publish","type":"page","link":"https:\/\/yavuzozsular.com\/es\/aplicacion-del-propietario-de-los-datos\/","title":{"rendered":"Aplicaci\u00f3n Del Propietario De Los Datos"},"content":{"rendered":"\t\t<div data-elementor-type=\"wp-page\" data-elementor-id=\"9106\" class=\"elementor elementor-9106 elementor-1249\">\n\t\t\t\t\t\t<section class=\"elementor-section elementor-top-section elementor-element elementor-element-340768cd elementor-section-height-min-height elementor-section-boxed elementor-section-height-default elementor-section-items-middle\" data-id=\"340768cd\" data-element_type=\"section\" data-settings=\"{&quot;background_background&quot;:&quot;classic&quot;,&quot;shape_divider_bottom&quot;:&quot;pyramids&quot;}\">\n\t\t\t\t\t<div class=\"elementor-shape elementor-shape-bottom\" data-negative=\"false\">\n\t\t\t<svg xmlns=\"http:\/\/www.w3.org\/2000\/svg\" viewBox=\"0 0 1000 100\" preserveAspectRatio=\"none\">\n\t<path class=\"elementor-shape-fill\" d=\"M761.9,44.1L643.1,27.2L333.8,98L0,3.8V0l1000,0v3.9\"\/>\n<\/svg>\t\t<\/div>\n\t\t\t\t\t<div class=\"elementor-container elementor-column-gap-default\">\n\t\t\t\t\t<div class=\"elementor-column elementor-col-100 elementor-top-column elementor-element elementor-element-673383af\" data-id=\"673383af\" data-element_type=\"column\">\n\t\t\t<div class=\"elementor-widget-wrap elementor-element-populated\">\n\t\t\t\t\t\t<div class=\"elementor-element elementor-element-32abb170 elementor-widget elementor-widget-heading\" data-id=\"32abb170\" data-element_type=\"widget\" data-widget_type=\"heading.default\">\n\t\t\t\t<div class=\"elementor-widget-container\">\n\t\t\t<style>\/*! elementor - v3.21.0 - 22-05-2024 *\/\n.elementor-heading-title{padding:0;margin:0;line-height:1}.elementor-widget-heading .elementor-heading-title[class*=elementor-size-]>a{color:inherit;font-size:inherit;line-height:inherit}.elementor-widget-heading .elementor-heading-title.elementor-size-small{font-size:15px}.elementor-widget-heading .elementor-heading-title.elementor-size-medium{font-size:19px}.elementor-widget-heading .elementor-heading-title.elementor-size-large{font-size:29px}.elementor-widget-heading .elementor-heading-title.elementor-size-xl{font-size:39px}.elementor-widget-heading .elementor-heading-title.elementor-size-xxl{font-size:59px}<\/style><h1 class=\"elementor-heading-title elementor-size-default\">Aplicaci\u00f3n Del Propietario De Los Datos<\/h1>\t\t<\/div>\n\t\t\t\t<\/div>\n\t\t\t\t\t<\/div>\n\t\t<\/div>\n\t\t\t\t\t<\/div>\n\t\t<\/section>\n\t\t\t\t<section class=\"elementor-section elementor-top-section elementor-element elementor-element-42ab0dfa elementor-section-boxed elementor-section-height-default elementor-section-height-default\" data-id=\"42ab0dfa\" data-element_type=\"section\">\n\t\t\t\t\t\t<div class=\"elementor-container elementor-column-gap-default\">\n\t\t\t\t\t<div class=\"elementor-column elementor-col-100 elementor-top-column elementor-element elementor-element-2a7ed6ca\" data-id=\"2a7ed6ca\" data-element_type=\"column\">\n\t\t\t<div class=\"elementor-widget-wrap elementor-element-populated\">\n\t\t\t\t\t\t<div class=\"elementor-element elementor-element-267d05da elementor-widget elementor-widget-text-editor\" data-id=\"267d05da\" data-element_type=\"widget\" data-widget_type=\"text-editor.default\">\n\t\t\t\t<div class=\"elementor-widget-container\">\n\t\t\t<style>\/*! elementor - v3.21.0 - 22-05-2024 *\/\n.elementor-widget-text-editor.elementor-drop-cap-view-stacked .elementor-drop-cap{background-color:#69727d;color:#fff}.elementor-widget-text-editor.elementor-drop-cap-view-framed .elementor-drop-cap{color:#69727d;border:3px solid;background-color:transparent}.elementor-widget-text-editor:not(.elementor-drop-cap-view-default) .elementor-drop-cap{margin-top:8px}.elementor-widget-text-editor:not(.elementor-drop-cap-view-default) .elementor-drop-cap-letter{width:1em;height:1em}.elementor-widget-text-editor .elementor-drop-cap{float:left;text-align:center;line-height:1;font-size:50px}.elementor-widget-text-editor .elementor-drop-cap-letter{display:inline-block}<\/style>\t\t\t\t<p>Al solicitar al supervisor de datos (Cirujano Yavuz \u00d6ZSULAR), las personas pertinentes tienen derecho a saber si sus datos personales son procesados o no, a solicitarlos si son procesados, a solicitar la correcci\u00f3n en caso de que el contenido de los datos sea incompleto o inexacto, solicitar su supresi\u00f3n o disposici\u00f3n si son contrarias a la ley, solicitar la notificaci\u00f3n de las operaciones a tomar en consecuencia a los terceros a los que se han divulgado los datos, y exigir la indemnizaci\u00f3n.<\/p><p>VER\u0130 SORUMLUSU<\/p><p>SUPERVISOR DE DATOS<\/p><p>En nuestra cl\u00ednica, sus datos personales, incluidos sus datos personales confidenciales, se procesan con el t\u00edtulo de \u201cSupervisor de datos\u201d, seg\u00fan se define en el art\u00edculo 3 de la Ley de Protecci\u00f3n de Datos de Car\u00e1cter Personal N\u00ba 6698.<\/p><p>Supervisor de datos: Cirujano Yavuz \u00d6ZSULAR<\/p><p>Direcci\u00f3n: Harbiye Mahallesi, Bostan sokak, No:10 kat:3 Ni\u015fanta\u015f\u0131 \u015e\u0130\u015eL\u0130\/ \u0130STANBUL<\/p><p>Tel\u00e9fono: 90 546 788 40 55<\/p><p>Direcci\u00f3n de correo electr\u00f3nico: <a href=\"mailto:dryavuzozsularklinik@gmail.com\">dryavuzozsularklinik@gmail.com<\/a><\/p>\t\t\t\t\t\t<\/div>\n\t\t\t\t<\/div>\n\t\t\t\t\t<\/div>\n\t\t<\/div>\n\t\t\t\t\t<\/div>\n\t\t<\/section>\n\t\t\t\t<\/div>\n\t\t","protected":false},"excerpt":{"rendered":"<p>Aplicaci\u00f3n Del Propietario De Los Datos Al solicitar al supervisor de datos (Cirujano Yavuz \u00d6ZSULAR), las personas pertinentes tienen derecho a saber si sus datos personales son procesados o no, a solicitarlos si son procesados, a solicitar la correcci\u00f3n en caso de que el contenido de los datos sea incompleto o inexacto, solicitar su supresi\u00f3n [&hellip;]<\/p>\n","protected":false},"author":1,"featured_media":0,"parent":0,"menu_order":0,"comment_status":"closed","ping_status":"closed","template":"","meta":{"site-sidebar-layout":"no-sidebar","site-content-layout":"page-builder","ast-site-content-layout":"","site-content-style":"default","site-sidebar-style":"default","ast-global-header-display":"","ast-banner-title-visibility":"","ast-main-header-display":"","ast-hfb-above-header-display":"","ast-hfb-below-header-display":"","ast-hfb-mobile-header-display":"","site-post-title":"disabled","ast-breadcrumbs-content":"","ast-featured-img":"disabled","footer-sml-layout":"","theme-transparent-header-meta":"","adv-header-id-meta":"","stick-header-meta":"","header-above-stick-meta":"","header-main-stick-meta":"","header-below-stick-meta":"","astra-migrate-meta-layouts":"default","ast-page-background-enabled":"default","ast-page-background-meta":{"desktop":{"background-color":"var(--ast-global-color-4)","background-image":"","background-repeat":"repeat","background-position":"center center","background-size":"auto","background-attachment":"scroll","background-type":"","background-media":"","overlay-type":"","overlay-color":"","overlay-opacity":"","overlay-gradient":""},"tablet":{"background-color":"","background-image":"","background-repeat":"repeat","background-position":"center center","background-size":"auto","background-attachment":"scroll","background-type":"","background-media":"","overlay-type":"","overlay-color":"","overlay-opacity":"","overlay-gradient":""},"mobile":{"background-color":"","background-image":"","background-repeat":"repeat","background-position":"center center","background-size":"auto","background-attachment":"scroll","background-type":"","background-media":"","overlay-type":"","overlay-color":"","overlay-opacity":"","overlay-gradient":""}},"ast-content-background-meta":{"desktop":{"background-color":"var(--ast-global-color-5)","background-image":"","background-repeat":"repeat","background-position":"center center","background-size":"auto","background-attachment":"scroll","background-type":"","background-media":"","overlay-type":"","overlay-color":"","overlay-opacity":"","overlay-gradient":""},"tablet":{"background-color":"var(--ast-global-color-5)","background-image":"","background-repeat":"repeat","background-position":"center center","background-size":"auto","background-attachment":"scroll","background-type":"","background-media":"","overlay-type":"","overlay-color":"","overlay-opacity":"","overlay-gradient":""},"mobile":{"background-color":"var(--ast-global-color-5)","background-image":"","background-repeat":"repeat","background-position":"center center","background-size":"auto","background-attachment":"scroll","background-type":"","background-media":"","overlay-type":"","overlay-color":"","overlay-opacity":"","overlay-gradient":""}},"footnotes":""},"categories":[],"tags":[],"_links":{"self":[{"href":"https:\/\/yavuzozsular.com\/es\/wp-json\/wp\/v2\/pages\/9106"}],"collection":[{"href":"https:\/\/yavuzozsular.com\/es\/wp-json\/wp\/v2\/pages"}],"about":[{"href":"https:\/\/yavuzozsular.com\/es\/wp-json\/wp\/v2\/types\/page"}],"author":[{"embeddable":true,"href":"https:\/\/yavuzozsular.com\/es\/wp-json\/wp\/v2\/users\/1"}],"replies":[{"embeddable":true,"href":"https:\/\/yavuzozsular.com\/es\/wp-json\/wp\/v2\/comments?post=9106"}],"version-history":[{"count":5,"href":"https:\/\/yavuzozsular.com\/es\/wp-json\/wp\/v2\/pages\/9106\/revisions"}],"predecessor-version":[{"id":9172,"href":"https:\/\/yavuzozsular.com\/es\/wp-json\/wp\/v2\/pages\/9106\/revisions\/9172"}],"wp:attachment":[{"href":"https:\/\/yavuzozsular.com\/es\/wp-json\/wp\/v2\/media?parent=9106"}],"wp:term":[{"taxonomy":"category","embeddable":true,"href":"https:\/\/yavuzozsular.com\/es\/wp-json\/wp\/v2\/categories?post=9106"},{"taxonomy":"post_tag","embeddable":true,"href":"https:\/\/yavuzozsular.com\/es\/wp-json\/wp\/v2\/tags?post=9106"}],"curies":[{"name":"wp","href":"https:\/\/api.w.org\/{rel}","templated":true}]}}