{"id":9085,"date":"2021-11-06T15:55:15","date_gmt":"2021-11-06T12:55:15","guid":{"rendered":"https:\/\/yavuzozsular.com\/kvkk-politikamiz\/"},"modified":"2023-09-26T08:21:00","modified_gmt":"2023-09-26T05:21:00","slug":"proteccion-de-datos-personales","status":"publish","type":"page","link":"https:\/\/yavuzozsular.com\/es\/proteccion-de-datos-personales\/","title":{"rendered":"Protecci\u00f3n de Datos Personales"},"content":{"rendered":"\t\t<div data-elementor-type=\"wp-page\" data-elementor-id=\"9085\" class=\"elementor elementor-9085 elementor-1155\">\n\t\t\t\t\t\t<section class=\"elementor-section elementor-top-section elementor-element elementor-element-2e314d3 elementor-section-height-min-height elementor-section-boxed elementor-section-height-default elementor-section-items-middle\" data-id=\"2e314d3\" data-element_type=\"section\" data-settings=\"{&quot;background_background&quot;:&quot;classic&quot;,&quot;shape_divider_bottom&quot;:&quot;pyramids&quot;}\">\n\t\t\t\t\t<div class=\"elementor-shape elementor-shape-bottom\" data-negative=\"false\">\n\t\t\t<svg xmlns=\"http:\/\/www.w3.org\/2000\/svg\" viewBox=\"0 0 1000 100\" preserveAspectRatio=\"none\">\n\t<path class=\"elementor-shape-fill\" d=\"M761.9,44.1L643.1,27.2L333.8,98L0,3.8V0l1000,0v3.9\"\/>\n<\/svg>\t\t<\/div>\n\t\t\t\t\t<div class=\"elementor-container elementor-column-gap-default\">\n\t\t\t\t\t<div class=\"elementor-column elementor-col-100 elementor-top-column elementor-element elementor-element-5813bffd\" data-id=\"5813bffd\" data-element_type=\"column\">\n\t\t\t<div class=\"elementor-widget-wrap elementor-element-populated\">\n\t\t\t\t\t\t<div class=\"elementor-element elementor-element-6518332e elementor-widget elementor-widget-heading\" data-id=\"6518332e\" data-element_type=\"widget\" data-widget_type=\"heading.default\">\n\t\t\t\t<div class=\"elementor-widget-container\">\n\t\t\t<style>\/*! elementor - v3.21.0 - 22-05-2024 *\/\n.elementor-heading-title{padding:0;margin:0;line-height:1}.elementor-widget-heading .elementor-heading-title[class*=elementor-size-]>a{color:inherit;font-size:inherit;line-height:inherit}.elementor-widget-heading .elementor-heading-title.elementor-size-small{font-size:15px}.elementor-widget-heading .elementor-heading-title.elementor-size-medium{font-size:19px}.elementor-widget-heading .elementor-heading-title.elementor-size-large{font-size:29px}.elementor-widget-heading .elementor-heading-title.elementor-size-xl{font-size:39px}.elementor-widget-heading .elementor-heading-title.elementor-size-xxl{font-size:59px}<\/style><h1 class=\"elementor-heading-title elementor-size-default\">Texto Aclaratorio Sobre La Protecci\u00f3n De Datos Personales<\/h1>\t\t<\/div>\n\t\t\t\t<\/div>\n\t\t\t\t\t<\/div>\n\t\t<\/div>\n\t\t\t\t\t<\/div>\n\t\t<\/section>\n\t\t\t\t<section class=\"elementor-section elementor-top-section elementor-element elementor-element-14e8c45 elementor-section-boxed elementor-section-height-default elementor-section-height-default\" data-id=\"14e8c45\" data-element_type=\"section\">\n\t\t\t\t\t\t<div class=\"elementor-container elementor-column-gap-default\">\n\t\t\t\t\t<div class=\"elementor-column elementor-col-100 elementor-top-column elementor-element elementor-element-33d43a19\" data-id=\"33d43a19\" data-element_type=\"column\">\n\t\t\t<div class=\"elementor-widget-wrap elementor-element-populated\">\n\t\t\t\t\t\t<div class=\"elementor-element elementor-element-2b5c550 elementor-widget elementor-widget-text-editor\" data-id=\"2b5c550\" data-element_type=\"widget\" data-widget_type=\"text-editor.default\">\n\t\t\t\t<div class=\"elementor-widget-container\">\n\t\t\t<style>\/*! elementor - v3.21.0 - 22-05-2024 *\/\n.elementor-widget-text-editor.elementor-drop-cap-view-stacked .elementor-drop-cap{background-color:#69727d;color:#fff}.elementor-widget-text-editor.elementor-drop-cap-view-framed .elementor-drop-cap{color:#69727d;border:3px solid;background-color:transparent}.elementor-widget-text-editor:not(.elementor-drop-cap-view-default) .elementor-drop-cap{margin-top:8px}.elementor-widget-text-editor:not(.elementor-drop-cap-view-default) .elementor-drop-cap-letter{width:1em;height:1em}.elementor-widget-text-editor .elementor-drop-cap{float:left;text-align:center;line-height:1;font-size:50px}.elementor-widget-text-editor .elementor-drop-cap-letter{display:inline-block}<\/style>\t\t\t\t<p>Le presentamos este texto, preparado para informarle sobre la recolecci\u00f3n, almacenamiento y procesamiento de sus datos personales que nos fueron proporcionados durante el proceso de servicio de salud ofrecido por el Cirujano Yavuz \u00d6ZSULAR y su personal, a su atenci\u00f3n.<\/p><p>Esta informaci\u00f3n es proporcionada por la cl\u00ednica del Cirujano Yavuz \u00d6ZSULAR en calidad de supervisor de datos, de conformidad con lo dispuesto en la Ley de Protecci\u00f3n de Datos de Car\u00e1cter Personal N\u00b0 6698 (\u201cLPPD\u201d), Ley Fundamental de Servicios de Salud N\u00b0 3359, Decreto Ley N\u00ba 663 sobre la organizaci\u00f3n y funciones del Ministerio de Salud y sus organizaciones afiliadas, Reglamento sobre hospitales privados, Reglamento del Ministerio de Salud y otras disposiciones legislativas.<\/p><p>Dentro del \u00e1mbito de la legislaci\u00f3n, podremos guardar, archivar, actualizar, transferir, clasificar, Y procesar sus datos personales y sus datos personales \u201csensibles\u201d para los servicios sanitarios, tal como se describe en este texto de aclaraci\u00f3n, de la forma indicada en el LPPD y en la legislaci\u00f3n pertinente.<\/p><p>Es posible compartir sus datos personales con terceros e instituciones en los casos que lo exija la legislaci\u00f3n y se obtenga su permiso por escrito.<\/p><p>Estos terceros\/instituciones incluyen los familiares de la persona que recibe el servicio, las entidades jur\u00eddicas p\u00fablicas y\/o privadas de las que la persona que recibe el servicio es empleado\/asegurado, otras entidades jur\u00eddicas p\u00fablicas y\/o privadas, terceros con los que nuestra empresa reciba servicios o colabore para llevar a cabo las actividades sujetas a los fines especificados en la legislaci\u00f3n correspondiente.<\/p><p>Sus datos personales, objeto de este texto de aclaraci\u00f3n, se obtienen durante los servicios de salud prestados por el Cirujano Yavuz \u00d6ZSULAR y su personal. Los datos se pueden recopilar durante entrevistas personales, as\u00ed como a trav\u00e9s del centro de llamadas, el sitio web, el correo electr\u00f3nico, las plataformas de mensajer\u00eda digital y los canales de medios sociales.<\/p><p><strong>1-<\/strong><strong>Sus datos personales que podemos procesar en funci\u00f3n de su consentimiento expl\u00edcito y los fines del procesamiento de los mismos<\/strong><\/p><p><u>Su informaci\u00f3n de identidad<\/u>: Su nombre, apellidos, n\u00famero de identidad TR, n\u00famero de pasaporte o n\u00famero de identidad TR temporal, lugar y fecha de nacimiento, estado civil, sexo, n\u00famero de protocolo del seguro o del paciente y otros datos de identidad que podamos identificarle;<\/p><p><u>Su informaci\u00f3n de contacto<\/u>: Su direcci\u00f3n, n\u00famero de tel\u00e9fono, direcci\u00f3n de correo electr\u00f3nico y otros datos de comunicaci\u00f3n, sus registros de llamadas de voz que mantienen los representantes del cliente o los servicios de pacientes de acuerdo con los est\u00e1ndares del centro de llamadas, y sus datos personales obtenidos al ponerse en contacto con nosotros por correo electr\u00f3nico, carta u otros medios;<\/p><p><u>Sus datos contables<\/u>: Sus datos financieros como su n\u00famero de cuenta bancaria, n\u00famero IBAN, informaci\u00f3n de tarjeta de cr\u00e9dito, informaci\u00f3n de facturaci\u00f3n; sus datos sobre el seguro m\u00e9dico privado y la instituci\u00f3n de la Seguridad Social con el fin de financiar y planificar los servicios de salud; si visita nuestra cl\u00ednica, los registros de su c\u00e1mara, que se guardan con fines de seguridad e inspecci\u00f3n, y la informaci\u00f3n de su matr\u00edcula si utiliza el estacionamiento;<\/p><p><u>Sus datos de salud<\/u>: Sus datos del examen, datos sobre su historia m\u00e9dica, datos sobre su historia m\u00e9dica familiar, resultados del laboratorio, resultados de las im\u00e1genes m\u00e9dicas, resultados de las pruebas, informaci\u00f3n de la cita del examen, informaci\u00f3n de prescripci\u00f3n, fotos pre y postoperatorias, datos visuales tridimensionales, seguimiento cl\u00ednico y v\u00eddeos de endoscopia. Todas las entrevistas y correspondencia con su m\u00e9dico en el entorno digital (correo electr\u00f3nico, SMS, redes sociales, plataformas de mensajer\u00eda digital, etc.) en el proceso de consulta previa al examen, diagn\u00f3stico, tratamiento y seguimiento. Todos los textos de aclaraci\u00f3n y formularios de consentimiento enviados antes del procedimiento.<\/p><p>Sus datos de salud, que se registran en otras instituciones de salud y se consideran necesarios para estar presentes en su expediente en nuestra cl\u00ednica (notas de consulta, notas de cirug\u00eda, resultados de ex\u00e1menes), tambi\u00e9n est\u00e1n dentro de este \u00e1mbito. Sus datos personales relativos a la vida social, familiar y sexual obtenidos durante o como resultado de un diagn\u00f3stico m\u00e9dico, tratamiento y servicios de atenci\u00f3n est\u00e1n dentro de este \u00e1mbito.<\/p><p>Sus datos personales obtenidos por la cl\u00ednica del Cirujano Yavuz \u00d6ZSULAR se utilizar\u00e1n principalmente para proporcionarle servicios de salud efectivos, seguros y calificados.<\/p><p>La verificaci\u00f3n de su identidad, la comunicaci\u00f3n m\u00e9dico-paciente, la protecci\u00f3n de la salud p\u00fablica, la medicina preventiva, la planificaci\u00f3n y ejecuci\u00f3n efectiva del diagn\u00f3stico m\u00e9dico, el tratamiento y los servicios de atenci\u00f3n, la planificaci\u00f3n y gesti\u00f3n de la financiaci\u00f3n de la atenci\u00f3n de salud, el funcionamiento interno de nuestra cl\u00ednica y la planificaci\u00f3n y gesti\u00f3n de las operaciones diarias, y el suministro de medicamentos y materiales se realiza entre los fines de uso general de sus datos personales. Si hace una cita con nuestra cl\u00ednica, utilizaremos sus datos de contacto para informarle sobre su cita.<\/p><p>Sus datos personales se pueden utilizar con fines de gesti\u00f3n de riesgos internos, actividades de mejora de la calidad, formaci\u00f3n y desarrollo de nuestros empleados, garantizar la seguridad de los pacientes y los empleados, supervisar transacciones internas no autorizadas, medir la satisfacci\u00f3n del paciente, mejorar los servicios sanitarios y cumplir los requisitos legales y normativos.<\/p><p>Sus datos personales pueden ser procesados con el fin de confirmar su relaci\u00f3n con nuestras instituciones contractuales, para hacer la facturaci\u00f3n de nuestros servicios de salud, y para compartir la informaci\u00f3n solicitada con compa\u00f1\u00edas de seguros privadas en el \u00e1mbito de la financiaci\u00f3n de servicios de salud.<\/p><p>De acuerdo con la legislaci\u00f3n pertinente, sus datos personales pueden ser utilizados para compartir la informaci\u00f3n solicitada con el Ministerio de Hacienda, el Ministerio de Salud y las instituciones y organizaciones p\u00fablicas pertinentes, para proporcionar la informaci\u00f3n necesaria de acuerdo con las solicitudes y auditor\u00edas de las instituciones reguladoras y supervisoras y las autoridades oficiales, almacenar la informaci\u00f3n sobre sus datos de salud, que deben mantenerse de acuerdo con la legislaci\u00f3n pertinente, y responder a todas sus preguntas.<\/p><p>Sus datos personales confidenciales se pueden utilizar con el fin de formar e informar a otros pacientes y al p\u00fablico, as\u00ed como con fines de investigaci\u00f3n cient\u00edfica y educaci\u00f3n de acuerdo con su consentimiento expl\u00edcito. Los datos visuales obtenidos durante el proceso de tratamiento se utilizar\u00e1n para evaluar los resultados cosm\u00e9ticos obtenidos despu\u00e9s de cirug\u00edas pl\u00e1sticas.<\/p><p><strong>2-<\/strong><strong>Situaciones en las que no se requiere el consentimiento expl\u00edcito para el procesamiento de datos personales seg\u00fan LPPD<\/strong><\/p><p>En caso de al menos una de las situaciones enumeradas a continuaci\u00f3n, ser\u00e1 posible procesar sus datos personales en situaciones sin su consentimiento expl\u00edcito.<\/p><p>Si las leyes lo estipulan claramente,<\/p><p>en caso de que una persona que no pueda revelar su consentimiento debido a imposibilidad de hecho o para cuyo consentimiento no se d\u00e9 validez legal, ser\u00e1 obligatoria para proteger su vida o integridad corporal,<\/p><p>Si el Cirujano Yavuz \u00d6ZSULAR est\u00e1 obligado a cumplir con sus obligaciones legales,<\/p><p>Si la persona pertinente la hace p\u00fablica,<\/p><p>Si el tratamiento de datos es obligatorio para el establecimiento, uso o protecci\u00f3n de un derecho,<\/p><p>Si el tratamiento de datos es obligatorio para los intereses leg\u00edtimos del Cirujano Yavuz \u00d6ZSULAR, sin perjuicio de los derechos y libertades fundamentales de la persona pertinente.<\/p><p>Adem\u00e1s, sus datos personales relacionados con su salud y vida sexual s\u00f3lo pueden ser procesados por el Cirujano Yavuz \u00d6ZSULAR sin solicitar su consentimiento expl\u00edcito con el fin de proteger la salud p\u00fablica, proporcionar medicina preventiva, ejecutar diagn\u00f3sticos m\u00e9dicos, servicios de tratamiento y atenci\u00f3n, y planificar y gestionar los servicios de salud y financiaci\u00f3n.<\/p><p><strong>3-<\/strong><strong>Transferencia de sus datos personales dentro o fuera del pa\u00eds<\/strong><\/p><p>Los datos personales creados y recopilados durante los servicios de salud prestados por el Cirujano Yavuz \u00d6ZSULAR pueden transferirse a otros proveedores de servicios de salud para fines de consulta. Si ha dado su consentimiento expl\u00edcito, sus datos personales confidenciales se pueden mostrar a los pacientes candidatos en la cl\u00ednica o transferir mediante el uso compartido de archivos a trav\u00e9s de Internet.<\/p><p>Con su consentimiento expl\u00edcito, los datos de salud calificados, incluyendo sus fotos y videos, pueden ser transferidos a instituciones cient\u00edficas internacionales. Con frecuencia se incluyen im\u00e1genes de los pacientes en la preparaci\u00f3n, presentaci\u00f3n o impresi\u00f3n de art\u00edculos cient\u00edficos, libros o documentos de congresos. Mediante el consentimiento expreso de los pacientes, sus materiales visuales y otros datos personales pueden ser transferidos a instituciones cient\u00edficas y organizaciones de radiodifusi\u00f3n.<\/p><p>Sus datos personales relativos a nuestras \u00e1reas de servicio se pueden transferir a terceros que consultamos, organismos reguladores y supervisores, nuestros socios comerciales con los que cooperamos para desarrollar o llevar a cabo servicios sanitarios para los fines mencionados anteriormente, Incluidas las autoridades oficiales y otras terceras partes del pa\u00eds en el marco de las condiciones y fines de transferencia de datos personales especificados en los art\u00edculos 8 y 9 de la Ley, incluidas tambi\u00e9n las compa\u00f1\u00edas de seguros privadas, Ministerio de Salud y sus subdepartamentos, Instituci\u00f3n de Seguridad Social, Direcci\u00f3n General de Asuntos de Seguridad y otros organismos encargados de hacer cumplir la ley, Direcci\u00f3n General del Censo, Asociaci\u00f3n de Farmac\u00e9uticos de Turqu\u00eda, Tribunales turcos y todo tipo de autoridades judiciales, c\u00e1maras, y otros terceros, sus representantes autorizados, abogados, asesores fiscales y financieros y auditores, as\u00ed como ser transferidos al extranjero.<\/p><p><strong>4-<\/strong><strong>M\u00e9todo de recopilaci\u00f3n y procesamiento de sus datos personales y razones legales<\/strong><\/p><p>Sus datos personales se pueden obtener y procesar en cualquier medio verbal, escrito, visual o electr\u00f3nico. En cuanto a la ejecuci\u00f3n de los servicios de salud, es una obligaci\u00f3n legal mantener los registros de los pacientes regularmente y presentarlos a los pacientes y a las autoridades legales cuando sea necesario. Mantener regularmente los registros financieros es tambi\u00e9n obligatorio en t\u00e9rminos de obligaciones fiscales de los individuos e instituciones.<\/p><p>Especialmente en la cirug\u00eda pl\u00e1stica, la relaci\u00f3n m\u00e9dico-paciente se considera dentro del \u00e1mbito del \u201ccontrato de trabajo\u201d en diversas decisiones judiciales. En este contexto, puede ser necesario reunir datos visuales normalizados en diversas etapas del tratamiento para determinar si se cumplen o no las obligaciones del contrato de trabajo. Estos datos pueden ser solicitados por el paciente, los abogados o los tribunales competentes en caso de cualquier disputa. Puede encontrar las razones jur\u00eddicas para la recogida y el tratamiento de sus datos personales examinando la Ley de Protecci\u00f3n de Datos de Car\u00e1cter Personal N\u00ba 6698, la Ley Fundamental de Servicios de Salud N\u00ba 3359, El Decreto Ley N\u00ba 663 sobre la Organizaci\u00f3n y Deberes del Ministerio de Salud y sus Organizaciones Afiliadas, y el Reglamento sobre Instituciones Privadas de Salud..<\/p><p><strong>5-<\/strong><strong>Almacenamiento de sus datos personales<\/strong><\/p><p>Sus datos personales son procesados por el Cirujano Yavuz \u00d6ZSULAR como requisito del principio de limitaci\u00f3n de finalidad, durante un per\u00edodo de tiempo limitado, y una vez expirado este per\u00edodo, son eliminados, destruidos o an\u00f3nimos. Este periodo puede variar de un paciente a otro y de datos a otros. Algunos de sus datos personales se guardan por escrito en nuestros archivos cl\u00ednicos, libros de protocolos y registros financieros. Sus datos de contacto se almacenan en la memoria interna y en la memoria de la tarjeta SIM del tel\u00e9fono m\u00f3vil de nuestra cl\u00ednica. Sus datos electr\u00f3nicos y digitales se almacenan en ordenadores cl\u00ednicos, discos duros de copia de seguridad, tarjetas de memoria, unidades USB, servidores de correo electr\u00f3nico, y sistemas de almacenamiento de datos basados en la nube. Los datos personales obtenidos a trav\u00e9s de las redes sociales durante los procesos preliminares de entrevista, diagn\u00f3stico, tratamiento y seguimiento se almacenan en las cuentas y registros relevantes de las plataformas relacionadas. Sus datos personales se mantienen bloqueados en nuestra cl\u00ednica. Sus datos electr\u00f3nicos est\u00e1n protegidos con un sistema de protecci\u00f3n de datos de dos etapas como m\u00ednimo. En principio, sus datos de salud ser\u00e1n almacenados y guardados por un \u201ct\u00e9rmino indefinido\u201d mientras no ocurra un desastre, accidente, robo, etc. imprevisto.<\/p><p><strong>6-<\/strong><strong>Derechos del Titular de los Datos Personales como Persona Relevante<\/strong><\/p><p>Si usted, es decir, nuestros pacientes de estima, que son el propietario de los datos personales recogidos, procesados y transferidos por el Cirujano Yavuz \u00d6ZSULAR, Quieren hacer uso de sus derechos mencionados en este t\u00edtulo y\/o dentro del \u00e1mbito de la LPPD de acuerdo con este Texto de aclaraci\u00f3n y los procedimientos y principios estipulados en la legislaci\u00f3n, o bien se aplican a la cl\u00ednica del Cirujano Yavuz \u00d6ZSULAR, sus solicitudes en su solicitud se concluir\u00e1n de forma gratuita en un plazo m\u00e1ximo de treinta (30) d\u00edas laborables, dependiendo de la naturaleza de la solicitud.<\/p><p>No obstante, si el procedimiento requiere un coste extra para el Cirujano Yavuz \u00d6ZSULAR, \u00e9ste podr\u00e1 solicitar la tasa en la tarifa especificada por el Patronato de Protecci\u00f3n de Datos Personales.<\/p><p><strong>De conformidad con el art\u00edculo 11 de la LPPD, cada persona (propietarios de los datos &#8211; los que reciben el servicio) tiene los derechos;<\/strong><\/p><p>(i) conocer si se procesan o no datos personales sobre ellos, (ii) solicitar informaci\u00f3n sobre datos personales si se han procesado, (iii) conocer el prop\u00f3sito del tratamiento de datos personales y si se utilizan o no de acuerdo con su finalidad, (iv) conocer a los terceros a los que se transfieren los datos personales dentro o fuera del pa\u00eds, (v) solicitar la correcci\u00f3n de los datos personales en caso de procesamiento incompleto o incorrecto y solicitar la notificaci\u00f3n de estos cambios a terceros a los que se transfieran los datos personales, (vi) solicitar la eliminaci\u00f3n o eliminaci\u00f3n de datos personales en caso de que cesen las razones que exijan su procesamiento, a pesar de que hayan sido recopilados, procesados y transferidos de conformidad con las disposiciones de la ley y las legislaciones pertinentes Y solicitar la notificaci\u00f3n de la transacci\u00f3n realizada en este \u00e1mbito a los terceros a los que se han transferido los datos personales, (vii) oponerse a la aparici\u00f3n de un resultado contra la propia persona analizando los datos procesados exclusivamente a trav\u00e9s de sistemas automatizados, y (viii) solicitar la indemnizaci\u00f3n de los da\u00f1os en caso de p\u00e9rdida debida al tratamiento il\u00edcito de datos personales. Las solicitudes relacionadas con el uso de estos derechos pueden ser enviadas a nosotros por los propietarios de los datos personales a trav\u00e9s de los m\u00e9todos especificados en la Ley No. 6698.<\/p><p>Puede haber cambios causados por los desarrollos legales y tecnol\u00f3gicos con respecto a los temas incluidos en este formulario.<\/p><p>En caso de que usted tenga cualquier derecho que usted desea utilizar o tenga peticiones dentro del alcance de los art\u00edculos antedichos, usted puede enviar un E-mail firmado con su firma electr\u00f3nica segura a<u> dryavuzozsularklinik@gmail.com.<\/u> Como alternativa, usted puede solicitar enviando una petici\u00f3n con su firma mojada v\u00eda correo o carga al Cirujano Yavuz \u00d6ZSULAR Clinic (Harbiye mahallesi, Bostan sokak No: 10 Kat:3 N\u0130\u015eANTA\u015eI \u015e\u0130\u015eL\u0130\/ \u0130STANBUL).<\/p>\t\t\t\t\t\t<\/div>\n\t\t\t\t<\/div>\n\t\t\t\t\t<\/div>\n\t\t<\/div>\n\t\t\t\t\t<\/div>\n\t\t<\/section>\n\t\t\t\t<\/div>\n\t\t","protected":false},"excerpt":{"rendered":"<p>Texto Aclaratorio Sobre La Protecci\u00f3n De Datos Personales Le presentamos este texto, preparado para informarle sobre la recolecci\u00f3n, almacenamiento y procesamiento de sus datos personales que nos fueron proporcionados durante el proceso de servicio de salud ofrecido por el Cirujano Yavuz \u00d6ZSULAR y su personal, a su atenci\u00f3n. Esta informaci\u00f3n es proporcionada por la cl\u00ednica [&hellip;]<\/p>\n","protected":false},"author":1,"featured_media":0,"parent":0,"menu_order":0,"comment_status":"closed","ping_status":"closed","template":"","meta":{"site-sidebar-layout":"no-sidebar","site-content-layout":"page-builder","ast-site-content-layout":"","site-content-style":"default","site-sidebar-style":"default","ast-global-header-display":"","ast-banner-title-visibility":"","ast-main-header-display":"","ast-hfb-above-header-display":"","ast-hfb-below-header-display":"","ast-hfb-mobile-header-display":"","site-post-title":"disabled","ast-breadcrumbs-content":"","ast-featured-img":"disabled","footer-sml-layout":"","theme-transparent-header-meta":"","adv-header-id-meta":"","stick-header-meta":"","header-above-stick-meta":"","header-main-stick-meta":"","header-below-stick-meta":"","astra-migrate-meta-layouts":"default","ast-page-background-enabled":"default","ast-page-background-meta":{"desktop":{"background-color":"var(--ast-global-color-4)","background-image":"","background-repeat":"repeat","background-position":"center center","background-size":"auto","background-attachment":"scroll","background-type":"","background-media":"","overlay-type":"","overlay-color":"","overlay-opacity":"","overlay-gradient":""},"tablet":{"background-color":"","background-image":"","background-repeat":"repeat","background-position":"center center","background-size":"auto","background-attachment":"scroll","background-type":"","background-media":"","overlay-type":"","overlay-color":"","overlay-opacity":"","overlay-gradient":""},"mobile":{"background-color":"","background-image":"","background-repeat":"repeat","background-position":"center center","background-size":"auto","background-attachment":"scroll","background-type":"","background-media":"","overlay-type":"","overlay-color":"","overlay-opacity":"","overlay-gradient":""}},"ast-content-background-meta":{"desktop":{"background-color":"var(--ast-global-color-5)","background-image":"","background-repeat":"repeat","background-position":"center center","background-size":"auto","background-attachment":"scroll","background-type":"","background-media":"","overlay-type":"","overlay-color":"","overlay-opacity":"","overlay-gradient":""},"tablet":{"background-color":"var(--ast-global-color-5)","background-image":"","background-repeat":"repeat","background-position":"center center","background-size":"auto","background-attachment":"scroll","background-type":"","background-media":"","overlay-type":"","overlay-color":"","overlay-opacity":"","overlay-gradient":""},"mobile":{"background-color":"var(--ast-global-color-5)","background-image":"","background-repeat":"repeat","background-position":"center center","background-size":"auto","background-attachment":"scroll","background-type":"","background-media":"","overlay-type":"","overlay-color":"","overlay-opacity":"","overlay-gradient":""}},"footnotes":""},"categories":[],"tags":[],"_links":{"self":[{"href":"https:\/\/yavuzozsular.com\/es\/wp-json\/wp\/v2\/pages\/9085"}],"collection":[{"href":"https:\/\/yavuzozsular.com\/es\/wp-json\/wp\/v2\/pages"}],"about":[{"href":"https:\/\/yavuzozsular.com\/es\/wp-json\/wp\/v2\/types\/page"}],"author":[{"embeddable":true,"href":"https:\/\/yavuzozsular.com\/es\/wp-json\/wp\/v2\/users\/1"}],"replies":[{"embeddable":true,"href":"https:\/\/yavuzozsular.com\/es\/wp-json\/wp\/v2\/comments?post=9085"}],"version-history":[{"count":12,"href":"https:\/\/yavuzozsular.com\/es\/wp-json\/wp\/v2\/pages\/9085\/revisions"}],"predecessor-version":[{"id":9815,"href":"https:\/\/yavuzozsular.com\/es\/wp-json\/wp\/v2\/pages\/9085\/revisions\/9815"}],"wp:attachment":[{"href":"https:\/\/yavuzozsular.com\/es\/wp-json\/wp\/v2\/media?parent=9085"}],"wp:term":[{"taxonomy":"category","embeddable":true,"href":"https:\/\/yavuzozsular.com\/es\/wp-json\/wp\/v2\/categories?post=9085"},{"taxonomy":"post_tag","embeddable":true,"href":"https:\/\/yavuzozsular.com\/es\/wp-json\/wp\/v2\/tags?post=9085"}],"curies":[{"name":"wp","href":"https:\/\/api.w.org\/{rel}","templated":true}]}}