{"id":3149,"date":"2021-11-29T12:28:42","date_gmt":"2021-11-29T09:28:42","guid":{"rendered":"https:\/\/yavuzozsular.com\/kok-hucrelerin-cogaltilmasi-ve-transferi\/"},"modified":"2022-02-09T19:14:45","modified_gmt":"2022-02-09T16:14:45","slug":"reproduction-and-transfer-of-stem-cells","status":"publish","type":"page","link":"https:\/\/yavuzozsular.com\/en\/youth-with-stem-cell\/reproduction-and-transfer-of-stem-cells\/","title":{"rendered":"Reproduction And Transfer Of Stem Cells"},"content":{"rendered":"\t\t<div data-elementor-type=\"wp-page\" data-elementor-id=\"3149\" class=\"elementor elementor-3149 elementor-2141\">\n\t\t\t\t\t\t<section class=\"elementor-section elementor-top-section elementor-element elementor-element-590fd17d elementor-section-height-min-height elementor-section-boxed elementor-section-height-default elementor-section-items-middle\" data-id=\"590fd17d\" data-element_type=\"section\" data-settings=\"{&quot;background_background&quot;:&quot;classic&quot;,&quot;shape_divider_bottom&quot;:&quot;pyramids&quot;}\">\n\t\t\t\t\t<div class=\"elementor-shape elementor-shape-bottom\" data-negative=\"false\">\n\t\t\t<svg xmlns=\"http:\/\/www.w3.org\/2000\/svg\" viewBox=\"0 0 1000 100\" preserveAspectRatio=\"none\">\n\t<path class=\"elementor-shape-fill\" d=\"M761.9,44.1L643.1,27.2L333.8,98L0,3.8V0l1000,0v3.9\"\/>\n<\/svg>\t\t<\/div>\n\t\t\t\t\t<div class=\"elementor-container elementor-column-gap-default\">\n\t\t\t\t\t<div class=\"elementor-column elementor-col-100 elementor-top-column elementor-element elementor-element-7accea17\" data-id=\"7accea17\" data-element_type=\"column\">\n\t\t\t<div class=\"elementor-widget-wrap elementor-element-populated\">\n\t\t\t\t\t\t<div class=\"elementor-element elementor-element-7f8b673c elementor-widget elementor-widget-heading\" data-id=\"7f8b673c\" data-element_type=\"widget\" data-widget_type=\"heading.default\">\n\t\t\t\t<div class=\"elementor-widget-container\">\n\t\t\t<style>\/*! elementor - v3.21.0 - 22-05-2024 *\/\n.elementor-heading-title{padding:0;margin:0;line-height:1}.elementor-widget-heading .elementor-heading-title[class*=elementor-size-]>a{color:inherit;font-size:inherit;line-height:inherit}.elementor-widget-heading .elementor-heading-title.elementor-size-small{font-size:15px}.elementor-widget-heading .elementor-heading-title.elementor-size-medium{font-size:19px}.elementor-widget-heading .elementor-heading-title.elementor-size-large{font-size:29px}.elementor-widget-heading .elementor-heading-title.elementor-size-xl{font-size:39px}.elementor-widget-heading .elementor-heading-title.elementor-size-xxl{font-size:59px}<\/style><h1 class=\"elementor-heading-title elementor-size-default\">Reproduction And <br>Transfer Of Stem Cells<\/h1>\t\t<\/div>\n\t\t\t\t<\/div>\n\t\t\t\t\t<\/div>\n\t\t<\/div>\n\t\t\t\t\t<\/div>\n\t\t<\/section>\n\t\t\t\t<section class=\"elementor-section elementor-top-section elementor-element elementor-element-4369e798 elementor-section-boxed elementor-section-height-default elementor-section-height-default\" data-id=\"4369e798\" data-element_type=\"section\" data-settings=\"{&quot;background_background&quot;:&quot;classic&quot;,&quot;shape_divider_top&quot;:&quot;pyramids&quot;,&quot;shape_divider_top_negative&quot;:&quot;yes&quot;}\">\n\t\t\t\t\t<div class=\"elementor-shape elementor-shape-top\" data-negative=\"true\">\n\t\t\t<svg xmlns=\"http:\/\/www.w3.org\/2000\/svg\" viewBox=\"0 0 1000 100\" preserveAspectRatio=\"none\">\n\t<path class=\"elementor-shape-fill\" d=\"M761.9,40.6L643.1,24L333.9,93.8L0.1,1H0v99h1000V1\"\/>\n<\/svg>\t\t<\/div>\n\t\t\t\t\t<div class=\"elementor-container elementor-column-gap-default\">\n\t\t\t\t\t<div class=\"elementor-column elementor-col-100 elementor-top-column elementor-element elementor-element-5e70ec7f\" data-id=\"5e70ec7f\" data-element_type=\"column\">\n\t\t\t<div class=\"elementor-widget-wrap elementor-element-populated\">\n\t\t\t\t\t\t<div class=\"elementor-element elementor-element-228b063c elementor-widget elementor-widget-heading\" data-id=\"228b063c\" data-element_type=\"widget\" data-widget_type=\"heading.default\">\n\t\t\t\t<div class=\"elementor-widget-container\">\n\t\t\t<h2 class=\"elementor-heading-title elementor-size-default\">Reproduction And Transfer Of Stem Cells<\/h2>\t\t<\/div>\n\t\t\t\t<\/div>\n\t\t\t\t<section class=\"elementor-section elementor-inner-section elementor-element elementor-element-1f680a11 elementor-section-boxed elementor-section-height-default elementor-section-height-default\" data-id=\"1f680a11\" data-element_type=\"section\">\n\t\t\t\t\t\t<div class=\"elementor-container elementor-column-gap-no\">\n\t\t\t\t\t<div class=\"elementor-column elementor-col-66 elementor-inner-column elementor-element elementor-element-16a2cc58\" data-id=\"16a2cc58\" data-element_type=\"column\">\n\t\t\t<div class=\"elementor-widget-wrap elementor-element-populated\">\n\t\t\t\t\t\t<div class=\"elementor-element elementor-element-47dbe3c8 elementor-widget elementor-widget-text-editor\" data-id=\"47dbe3c8\" data-element_type=\"widget\" data-widget_type=\"text-editor.default\">\n\t\t\t\t<div class=\"elementor-widget-container\">\n\t\t\t<style>\/*! elementor - v3.21.0 - 22-05-2024 *\/\n.elementor-widget-text-editor.elementor-drop-cap-view-stacked .elementor-drop-cap{background-color:#69727d;color:#fff}.elementor-widget-text-editor.elementor-drop-cap-view-framed .elementor-drop-cap{color:#69727d;border:3px solid;background-color:transparent}.elementor-widget-text-editor:not(.elementor-drop-cap-view-default) .elementor-drop-cap{margin-top:8px}.elementor-widget-text-editor:not(.elementor-drop-cap-view-default) .elementor-drop-cap-letter{width:1em;height:1em}.elementor-widget-text-editor .elementor-drop-cap{float:left;text-align:center;line-height:1;font-size:50px}.elementor-widget-text-editor .elementor-drop-cap-letter{display:inline-block}<\/style>\t\t\t\t<p>Dr. Ozsular will either take 3 to 5 mm incision\/biopsies from behind your ear (without impairing your appearance), or take a small amount of fat from any adipose part of your body via a mini liposuction. Such tissues are rich in stem cells. These cells are then sent for reproduction (a 4 \u2013 6 week-long procedure) to stem cell laboratories that have been approved by the Turkish Ministry of Health under special transportation conditions. They are then returned to the clinic and stored under special storage conditions until it is time for transplantation. \u00a0<\/p><p>Your cells need time adapt to their new environment and bond. Thus, you won\u2019t see the effects for at least 2 to 12 months later \u2013 time is everything. \u00a0Stem cell transfer will boost the number of fibroblast cells in the region they\u2019ve been injected, restoring it to what it once was 4 to 8 years earlier.<\/p><p>The permanence of its effects depends on the death rate of your fibroblast cells \u2013 in other words, how fast you age. You begin to see its effects as late as three years later.<\/p>\t\t\t\t\t\t<\/div>\n\t\t\t\t<\/div>\n\t\t\t\t\t<\/div>\n\t\t<\/div>\n\t\t\t\t<div class=\"elementor-column elementor-col-33 elementor-inner-column elementor-element elementor-element-59478d5c\" data-id=\"59478d5c\" data-element_type=\"column\">\n\t\t\t<div class=\"elementor-widget-wrap elementor-element-populated\">\n\t\t\t\t\t\t<div class=\"elementor-element elementor-element-367f9f9d elementor-widget elementor-widget-image\" data-id=\"367f9f9d\" data-element_type=\"widget\" data-widget_type=\"image.default\">\n\t\t\t\t<div class=\"elementor-widget-container\">\n\t\t\t<style>\/*! elementor - v3.21.0 - 22-05-2024 *\/\n.elementor-widget-image{text-align:center}.elementor-widget-image a{display:inline-block}.elementor-widget-image a img[src$=\".svg\"]{width:48px}.elementor-widget-image img{vertical-align:middle;display:inline-block}<\/style>\t\t\t\t\t\t\t\t\t\t<img fetchpriority=\"high\" decoding=\"async\" width=\"500\" height=\"242\" src=\"https:\/\/yavuzozsular.com\/wp-content\/uploads\/2021\/11\/kok-hucrenin-cogaltilmasi.jpeg\" class=\"attachment-large size-large wp-image-2142\" alt=\"\" srcset=\"https:\/\/yavuzozsular.com\/wp-content\/uploads\/2021\/11\/kok-hucrenin-cogaltilmasi.jpeg 500w, https:\/\/yavuzozsular.com\/wp-content\/uploads\/2021\/11\/kok-hucrenin-cogaltilmasi-300x145.jpeg 300w\" sizes=\"(max-width: 500px) 100vw, 500px\">\t\t\t\t\t\t\t\t\t\t\t\t\t<\/div>\n\t\t\t\t<\/div>\n\t\t\t\t\t<\/div>\n\t\t<\/div>\n\t\t\t\t\t<\/div>\n\t\t<\/section>\n\t\t\t\t\t<\/div>\n\t\t<\/div>\n\t\t\t\t\t<\/div>\n\t\t<\/section>\n\t\t\t\t<section class=\"elementor-section elementor-top-section elementor-element elementor-element-3c55313d elementor-section-boxed elementor-section-height-default elementor-section-height-default\" data-id=\"3c55313d\" data-element_type=\"section\" data-settings=\"{&quot;background_background&quot;:&quot;classic&quot;,&quot;shape_divider_bottom&quot;:&quot;pyramids&quot;,&quot;shape_divider_bottom_negative&quot;:&quot;yes&quot;}\">\n\t\t\t\t\t<div class=\"elementor-shape elementor-shape-bottom\" data-negative=\"true\">\n\t\t\t<svg xmlns=\"http:\/\/www.w3.org\/2000\/svg\" viewBox=\"0 0 1000 100\" preserveAspectRatio=\"none\">\n\t<path class=\"elementor-shape-fill\" d=\"M761.9,40.6L643.1,24L333.9,93.8L0.1,1H0v99h1000V1\"\/>\n<\/svg>\t\t<\/div>\n\t\t\t\t\t<div class=\"elementor-container elementor-column-gap-wider\">\n\t\t\t\t\t<div class=\"elementor-column elementor-col-50 elementor-top-column elementor-element elementor-element-4d0f099a\" data-id=\"4d0f099a\" data-element_type=\"column\">\n\t\t\t<div class=\"elementor-widget-wrap elementor-element-populated\">\n\t\t\t\t\t\t<section class=\"elementor-section elementor-inner-section elementor-element elementor-element-4cb5a9fb elementor-section-boxed elementor-section-height-default elementor-section-height-default\" data-id=\"4cb5a9fb\" data-element_type=\"section\">\n\t\t\t\t\t\t<div class=\"elementor-container elementor-column-gap-wider\">\n\t\t\t\t\t<div class=\"elementor-column elementor-col-100 elementor-inner-column elementor-element elementor-element-29ab280d\" data-id=\"29ab280d\" data-element_type=\"column\" data-settings=\"{&quot;background_background&quot;:&quot;classic&quot;}\">\n\t\t\t<div class=\"elementor-widget-wrap elementor-element-populated\">\n\t\t\t\t\t\t<div class=\"elementor-element elementor-element-7cbdbc65 elementor-absolute elementor-hidden-mobile elementor-widget__width-initial elementor-hidden-tablet elementor-widget elementor-widget-image\" data-id=\"7cbdbc65\" data-element_type=\"widget\" data-settings=\"{&quot;_position&quot;:&quot;absolute&quot;}\" data-widget_type=\"image.default\">\n\t\t\t\t<div class=\"elementor-widget-container\">\n\t\t\t\t\t\t\t\t\t\t\t\t\t<img decoding=\"async\" width=\"155\" height=\"144\" src=\"https:\/\/yavuzozsular.com\/wp-content\/uploads\/2021\/09\/yavuz-ozsular-sorun.png\" class=\"attachment-large size-large wp-image-306\" alt=\"\">\t\t\t\t\t\t\t\t\t\t\t\t\t<\/div>\n\t\t\t\t<\/div>\n\t\t\t\t<div class=\"elementor-element elementor-element-1d39bd6d elementor-widget elementor-widget-heading\" data-id=\"1d39bd6d\" data-element_type=\"widget\" data-widget_type=\"heading.default\">\n\t\t\t\t<div class=\"elementor-widget-container\">\n\t\t\t<h2 class=\"elementor-heading-title elementor-size-default\">Ask The Doctor...<\/h2>\t\t<\/div>\n\t\t\t\t<\/div>\n\t\t\t\t<div class=\"elementor-element elementor-element-6f926c03 elementor-widget elementor-widget-elementskit-contact-form7\" data-id=\"6f926c03\" data-element_type=\"widget\" data-widget_type=\"elementskit-contact-form7.default\">\n\t\t\t\t<div class=\"elementor-widget-container\">\n\t\t\t<div class=\"ekit-wid-con\" ><div class=\"ekit-form\">\n<div class=\"wpcf7 no-js\" id=\"wpcf7-f5719-o1\" lang=\"tr-TR\" dir=\"ltr\">\n<div class=\"screen-reader-response\"><p role=\"status\" aria-live=\"polite\" aria-atomic=\"true\"><\/p> <ul><\/ul><\/div>\n<form action=\"\/en\/wp-json\/wp\/v2\/pages\/3149#wpcf7-f5719-o1\" method=\"post\" class=\"wpcf7-form init\" aria-label=\"\u0130leti\u015fim Formu\" novalidate=\"novalidate\" data-status=\"init\">\n<div style=\"display: none;\">\n<input type=\"hidden\" name=\"_wpcf7\" value=\"5719\" \/>\n<input type=\"hidden\" name=\"_wpcf7_version\" value=\"5.9.5\" \/>\n<input type=\"hidden\" name=\"_wpcf7_locale\" value=\"tr_TR\" \/>\n<input type=\"hidden\" name=\"_wpcf7_unit_tag\" value=\"wpcf7-f5719-o1\" \/>\n<input type=\"hidden\" name=\"_wpcf7_container_post\" value=\"0\" \/>\n<input type=\"hidden\" name=\"_wpcf7_posted_data_hash\" value=\"\" \/>\n<\/div>\n<p><span class=\"wpcf7-form-control-wrap\" data-name=\"your-name\"><input size=\"40\" maxlength=\"50\" minlength=\"5\" class=\"wpcf7-form-control wpcf7-text wpcf7-validates-as-required\" aria-required=\"true\" aria-invalid=\"false\" placeholder=\"Name, Surname *\" value=\"\" type=\"text\" name=\"your-name\" \/><\/span><span class=\"wpcf7-form-control-wrap\" data-name=\"your-email\"><input size=\"40\" maxlength=\"40\" minlength=\"5\" class=\"wpcf7-form-control wpcf7-email wpcf7-validates-as-required wpcf7-text wpcf7-validates-as-email\" aria-required=\"true\" aria-invalid=\"false\" placeholder=\"Email *\" value=\"\" type=\"email\" name=\"your-email\" \/><\/span><span class=\"wpcf7-form-control-wrap\" data-name=\"your-tel\"><input size=\"40\" maxlength=\"20\" minlength=\"10\" class=\"wpcf7-form-control wpcf7-text wpcf7-validates-as-required\" aria-required=\"true\" aria-invalid=\"false\" placeholder=\"Phone *\" value=\"\" type=\"text\" name=\"your-tel\" \/><\/span><span class=\"wpcf7-form-control-wrap\" data-name=\"your-message\"><textarea cols=\"40\" rows=\"10\" maxlength=\"250\" minlength=\"10\" class=\"wpcf7-form-control wpcf7-textarea\" aria-invalid=\"false\" placeholder=\"Your message\" name=\"your-message\"><\/textarea><\/span><span id=\"wpcf7-69f3d54e9b500-wrapper\" class=\"wpcf7-form-control-wrap gizl-wrap\" ><label for=\"wpcf7-69f3d54e9b500-field\" class=\"hp-message\">Bu alan\u0131 bo\u015f b\u0131rak\u0131n\u0131z<\/label><input id=\"wpcf7-69f3d54e9b500-field\"  class=\"wpcf7-form-control wpcf7-text\" type=\"text\" name=\"gizl\" value=\"\" size=\"40\" tabindex=\"-1\" autocomplete=\"new-password\" \/><\/span><input class=\"wpcf7-form-control wpcf7-submit has-spinner\" type=\"submit\" value=\"Send\" \/>\n<\/p><div class=\"inv-recaptcha-holder\"><\/div><div class=\"wpcf7-response-output\" aria-hidden=\"true\"><\/div>\n<\/form>\n<\/div>\n<\/div><\/div>\t\t<\/div>\n\t\t\t\t<\/div>\n\t\t\t\t\t<\/div>\n\t\t<\/div>\n\t\t\t\t\t<\/div>\n\t\t<\/section>\n\t\t\t\t\t<\/div>\n\t\t<\/div>\n\t\t\t\t<div class=\"elementor-column elementor-col-50 elementor-top-column elementor-element elementor-element-95d1e11\" data-id=\"95d1e11\" data-element_type=\"column\">\n\t\t\t<div class=\"elementor-widget-wrap elementor-element-populated\">\n\t\t\t\t\t\t<div class=\"elementor-element elementor-element-ce34760 elementor-widget elementor-widget-text-editor\" data-id=\"ce34760\" data-element_type=\"widget\" data-widget_type=\"text-editor.default\">\n\t\t\t\t<div class=\"elementor-widget-container\">\n\t\t\t\t\t\t\t<h3>Can The Procedure Be Repeated?<\/h3><p>The procedure is reliable because it is based on only your own cells. It is FDA-approved. You can have it repeated a year after your initial procedure.<\/p><h3>Advantages<\/h3><p>More stem cells get transferred<\/p><p>The cells will make restore your skin\u2019s vividness and make you look younger.<\/p>\t\t\t\t\t\t<\/div>\n\t\t\t\t<\/div>\n\t\t\t\t\t<\/div>\n\t\t<\/div>\n\t\t\t\t\t<\/div>\n\t\t<\/section>\n\t\t\t\t<section class=\"elementor-section elementor-top-section elementor-element elementor-element-4c7d373a elementor-section-boxed elementor-section-height-default elementor-section-height-default\" data-id=\"4c7d373a\" data-element_type=\"section\">\n\t\t\t\t\t\t<div class=\"elementor-container elementor-column-gap-default\">\n\t\t\t\t\t<div class=\"elementor-column elementor-col-100 elementor-top-column elementor-element elementor-element-5151d97c\" data-id=\"5151d97c\" data-element_type=\"column\">\n\t\t\t<div class=\"elementor-widget-wrap elementor-element-populated\">\n\t\t\t\t\t\t<div class=\"elementor-element elementor-element-4faca98f elementor-widget elementor-widget-heading\" data-id=\"4faca98f\" data-element_type=\"widget\" data-widget_type=\"heading.default\">\n\t\t\t\t<div class=\"elementor-widget-container\">\n\t\t\t<h2 class=\"elementor-heading-title elementor-size-default\">May Be Interested<\/h2>\t\t<\/div>\n\t\t\t\t<\/div>\n\t\t\t\t<div class=\"elementor-element elementor-element-5267ae5c elementor-widget elementor-widget-prime-slider-fiestar\" data-id=\"5267ae5c\" data-element_type=\"widget\" data-widget_type=\"prime-slider-fiestar.default\">\n\t\t\t\t<div class=\"elementor-widget-container\">\n\t\t\t        <div class=\"bdt-prime-slider\">\n            <div id=\"bdt-prime-slider-5267ae5c\" class=\"bdt-fiestar-slider elementor-swiper\" data-settings=\"{&quot;autoplay&quot;:{&quot;delay&quot;:5000},&quot;loop&quot;:true,&quot;speed&quot;:900,&quot;slidesPerView&quot;:1,&quot;slidesPerGroup&quot;:1,&quot;centeredSlides&quot;:true,&quot;effect&quot;:&quot;slide&quot;,&quot;parallax&quot;:true,&quot;breakpoints&quot;:{&quot;767&quot;:{&quot;slidesPerView&quot;:3,&quot;spaceBetween&quot;:20,&quot;slidesPerGroup&quot;:1},&quot;1023&quot;:{&quot;slidesPerView&quot;:5,&quot;spaceBetween&quot;:20,&quot;slidesPerGroup&quot;:1}},&quot;navigation&quot;:{&quot;nextEl&quot;:&quot;#bdt-prime-slider-5267ae5c .bdt-navigation-next&quot;,&quot;prevEl&quot;:&quot;#bdt-prime-slider-5267ae5c .bdt-navigation-prev&quot;},&quot;lazy&quot;:{&quot;loadPrevNext&quot;:&quot;true&quot;}}\">\n                <div class=\"bdt-center-slider\">\n                    <div class=\"swiper-wrapper\">\n                            <div class=\"bdt-item swiper-slide\">\n            <div class=\"bdt-img-wrap\">\n                <img decoding=\"async\" width=\"500\" height=\"333\" src=\"https:\/\/yavuzozsular.com\/wp-content\/uploads\/2021\/11\/kok-hucreden-zengin-yag-transferi-1.jpeg\" class=\"bdt-img swiper-lazy\" alt=\"Nano-Fat Transfer\" srcset=\"https:\/\/yavuzozsular.com\/wp-content\/uploads\/2021\/11\/kok-hucreden-zengin-yag-transferi-1.jpeg 500w, https:\/\/yavuzozsular.com\/wp-content\/uploads\/2021\/11\/kok-hucreden-zengin-yag-transferi-1-300x200.jpeg 300w\" sizes=\"(max-width: 500px) 100vw, 500px\" \/>            <\/div>\n            <div class=\"bdt-content\">\n                                <h4 class=\"bdt-title\" data-reveal=\"reveal-active\">\n                <a href=\"https:\/\/yavuzozsular.com\/en\/youth-with-stem-cell\/nano-fat-transfer\/\" title=\"Nano-Fat Transfer\">\n                    Nano-Fat Transfer\n                <\/a>\n            <\/h4>            <\/div>\n                    <\/div>\n                <div class=\"bdt-item swiper-slide\">\n            <div class=\"bdt-img-wrap\">\n                <img loading=\"lazy\" decoding=\"async\" width=\"500\" height=\"281\" src=\"https:\/\/yavuzozsular.com\/wp-content\/uploads\/2021\/11\/kok-hucreden-zengin-yag-transferi.jpeg\" class=\"bdt-img swiper-lazy\" alt=\"Stem Cell-Enriched Fat Transfer\" srcset=\"https:\/\/yavuzozsular.com\/wp-content\/uploads\/2021\/11\/kok-hucreden-zengin-yag-transferi.jpeg 500w, https:\/\/yavuzozsular.com\/wp-content\/uploads\/2021\/11\/kok-hucreden-zengin-yag-transferi-300x169.jpeg 300w\" sizes=\"(max-width: 500px) 100vw, 500px\" \/>            <\/div>\n            <div class=\"bdt-content\">\n                                <h4 class=\"bdt-title\" data-reveal=\"reveal-active\">\n                <a href=\"https:\/\/yavuzozsular.com\/en\/youth-with-stem-cell\/stem-cell-enriched-fat-transfer\/\" title=\"Stem Cell-Enriched Fat Transfer\">\n                    Stem Cell-Enriched Fat Transfer\n                <\/a>\n            <\/h4>            <\/div>\n                    <\/div>\n                <div class=\"bdt-item swiper-slide\">\n            <div class=\"bdt-img-wrap\">\n                <img loading=\"lazy\" decoding=\"async\" width=\"500\" height=\"242\" src=\"https:\/\/yavuzozsular.com\/wp-content\/uploads\/2021\/11\/kok-hucrenin-cogaltilmasi.jpeg\" class=\"bdt-img swiper-lazy\" alt=\"Reproduction And Transfer Of Stem Cells\" srcset=\"https:\/\/yavuzozsular.com\/wp-content\/uploads\/2021\/11\/kok-hucrenin-cogaltilmasi.jpeg 500w, https:\/\/yavuzozsular.com\/wp-content\/uploads\/2021\/11\/kok-hucrenin-cogaltilmasi-300x145.jpeg 300w\" sizes=\"(max-width: 500px) 100vw, 500px\" \/>            <\/div>\n            <div class=\"bdt-content\">\n                                <h4 class=\"bdt-title\" data-reveal=\"reveal-active\">\n                <a href=\"https:\/\/yavuzozsular.com\/en\/youth-with-stem-cell\/reproduction-and-transfer-of-stem-cells\/\" title=\"Reproduction And Transfer Of Stem Cells\">\n                    Reproduction And Transfer Of Stem Cells\n                <\/a>\n            <\/h4>            <\/div>\n                    <\/div>\n                <div class=\"bdt-item swiper-slide\">\n            <div class=\"bdt-img-wrap\">\n                <img loading=\"lazy\" decoding=\"async\" width=\"500\" height=\"300\" src=\"https:\/\/yavuzozsular.com\/wp-content\/uploads\/2021\/11\/kok-hucre-nedir.jpeg\" class=\"bdt-img swiper-lazy\" alt=\"Stem Cells\" srcset=\"https:\/\/yavuzozsular.com\/wp-content\/uploads\/2021\/11\/kok-hucre-nedir.jpeg 500w, https:\/\/yavuzozsular.com\/wp-content\/uploads\/2021\/11\/kok-hucre-nedir-300x180.jpeg 300w\" sizes=\"(max-width: 500px) 100vw, 500px\" \/>            <\/div>\n            <div class=\"bdt-content\">\n                                <h4 class=\"bdt-title\" data-reveal=\"reveal-active\">\n                <a href=\"https:\/\/yavuzozsular.com\/en\/youth-with-stem-cell\/stem-cells\/\" title=\"Stem Cells\">\n                    Stem Cells\n                <\/a>\n            <\/h4>            <\/div>\n                    <\/div>\n                <div class=\"bdt-item swiper-slide\">\n            <div class=\"bdt-img-wrap\">\n                <img loading=\"lazy\" decoding=\"async\" width=\"500\" height=\"471\" src=\"https:\/\/yavuzozsular.com\/wp-content\/uploads\/2021\/11\/kok-hucreden-zengin-yag-transferi2-e1659016663918.jpeg\" class=\"bdt-img swiper-lazy\" alt=\"Micro Fat Transfer\" \/>            <\/div>\n            <div class=\"bdt-content\">\n                                <h4 class=\"bdt-title\" data-reveal=\"reveal-active\">\n                <a href=\"https:\/\/yavuzozsular.com\/en\/youth-with-stem-cell\/micro-fat-transfer\/\" title=\"Micro Fat Transfer\">\n                    Micro Fat Transfer\n                <\/a>\n            <\/h4>            <\/div>\n                    <\/div>\n                            <\/div>\n\n                                        <div class=\"bdt-navigation-wrap reveal-muted\">\n                        <div class=\"bdt-navigation-prev\">\n                            <i class=\"ps-wi-arrow-left-8\"><\/i>\n                        <\/div>\n                        <div class=\"bdt-navigation-next\">\n                            <i class=\"ps-wi-arrow-right-8\"><\/i>\n                        <\/div>\n                    <\/div>\n                    \n                <\/div>\n            <\/div>\n        <\/div>\n        \t\t<\/div>\n\t\t\t\t<\/div>\n\t\t\t\t\t<\/div>\n\t\t<\/div>\n\t\t\t\t\t<\/div>\n\t\t<\/section>\n\t\t\t\t<\/div>\n\t\t","protected":false},"excerpt":{"rendered":"<p>Reproduction And Transfer Of Stem Cells Reproduction And Transfer Of Stem Cells Dr. Ozsular will either take 3 to 5 mm incision\/biopsies from behind your ear (without impairing your appearance), or take a small amount of fat from any adipose part of your body via a mini liposuction. Such tissues are rich in stem cells. [&hellip;]<\/p>\n","protected":false},"author":1,"featured_media":3019,"parent":3188,"menu_order":0,"comment_status":"closed","ping_status":"closed","template":"","meta":{"site-sidebar-layout":"no-sidebar","site-content-layout":"page-builder","ast-site-content-layout":"","site-content-style":"default","site-sidebar-style":"default","ast-global-header-display":"","ast-banner-title-visibility":"","ast-main-header-display":"","ast-hfb-above-header-display":"","ast-hfb-below-header-display":"","ast-hfb-mobile-header-display":"","site-post-title":"disabled","ast-breadcrumbs-content":"","ast-featured-img":"disabled","footer-sml-layout":"","theme-transparent-header-meta":"","adv-header-id-meta":"","stick-header-meta":"","header-above-stick-meta":"","header-main-stick-meta":"","header-below-stick-meta":"","astra-migrate-meta-layouts":"default","ast-page-background-enabled":"default","ast-page-background-meta":{"desktop":{"background-color":"var(--ast-global-color-4)","background-image":"","background-repeat":"repeat","background-position":"center center","background-size":"auto","background-attachment":"scroll","background-type":"","background-media":"","overlay-type":"","overlay-color":"","overlay-opacity":"","overlay-gradient":""},"tablet":{"background-color":"","background-image":"","background-repeat":"repeat","background-position":"center center","background-size":"auto","background-attachment":"scroll","background-type":"","background-media":"","overlay-type":"","overlay-color":"","overlay-opacity":"","overlay-gradient":""},"mobile":{"background-color":"","background-image":"","background-repeat":"repeat","background-position":"center center","background-size":"auto","background-attachment":"scroll","background-type":"","background-media":"","overlay-type":"","overlay-color":"","overlay-opacity":"","overlay-gradient":""}},"ast-content-background-meta":{"desktop":{"background-color":"var(--ast-global-color-5)","background-image":"","background-repeat":"repeat","background-position":"center center","background-size":"auto","background-attachment":"scroll","background-type":"","background-media":"","overlay-type":"","overlay-color":"","overlay-opacity":"","overlay-gradient":""},"tablet":{"background-color":"var(--ast-global-color-5)","background-image":"","background-repeat":"repeat","background-position":"center center","background-size":"auto","background-attachment":"scroll","background-type":"","background-media":"","overlay-type":"","overlay-color":"","overlay-opacity":"","overlay-gradient":""},"mobile":{"background-color":"var(--ast-global-color-5)","background-image":"","background-repeat":"repeat","background-position":"center center","background-size":"auto","background-attachment":"scroll","background-type":"","background-media":"","overlay-type":"","overlay-color":"","overlay-opacity":"","overlay-gradient":""}},"footnotes":""},"_links":{"self":[{"href":"https:\/\/yavuzozsular.com\/en\/wp-json\/wp\/v2\/pages\/3149"}],"collection":[{"href":"https:\/\/yavuzozsular.com\/en\/wp-json\/wp\/v2\/pages"}],"about":[{"href":"https:\/\/yavuzozsular.com\/en\/wp-json\/wp\/v2\/types\/page"}],"author":[{"embeddable":true,"href":"https:\/\/yavuzozsular.com\/en\/wp-json\/wp\/v2\/users\/1"}],"replies":[{"embeddable":true,"href":"https:\/\/yavuzozsular.com\/en\/wp-json\/wp\/v2\/comments?post=3149"}],"version-history":[{"count":4,"href":"https:\/\/yavuzozsular.com\/en\/wp-json\/wp\/v2\/pages\/3149\/revisions"}],"predecessor-version":[{"id":6523,"href":"https:\/\/yavuzozsular.com\/en\/wp-json\/wp\/v2\/pages\/3149\/revisions\/6523"}],"up":[{"embeddable":true,"href":"https:\/\/yavuzozsular.com\/en\/wp-json\/wp\/v2\/pages\/3188"}],"wp:featuredmedia":[{"embeddable":true,"href":"https:\/\/yavuzozsular.com\/en\/wp-json\/wp\/v2\/media\/3019"}],"wp:attachment":[{"href":"https:\/\/yavuzozsular.com\/en\/wp-json\/wp\/v2\/media?parent=3149"}],"curies":[{"name":"wp","href":"https:\/\/api.w.org\/{rel}","templated":true}]}}